{"id":3672,"date":"2025-07-02T19:09:54","date_gmt":"2025-07-02T19:09:54","guid":{"rendered":"https:\/\/solutions-dz.com\/?page_id=3672"},"modified":"2025-09-08T08:45:44","modified_gmt":"2025-09-08T08:45:44","slug":"reseaux-de-securite-4","status":"publish","type":"page","link":"https:\/\/solutions-dz.com\/en\/reseaux-de-securite-4\/","title":{"rendered":"Security networks"},"content":{"rendered":"<div data-elementor-type=\"wp-page\" data-elementor-id=\"3672\" class=\"elementor elementor-3672\">\n\t\t\t\t<div class=\"elementor-element elementor-element-3c134c8 e-flex e-con-boxed e-con e-parent\" data-id=\"3c134c8\" data-element_type=\"container\" data-e-type=\"container\" data-settings=\"{&quot;background_background&quot;:&quot;classic&quot;}\">\n\t\t\t\t\t<div class=\"e-con-inner\">\n\t\t\t\t<div class=\"elementor-element elementor-element-2690a13 elementor-widget elementor-widget-heading\" data-id=\"2690a13\" data-element_type=\"widget\" data-e-type=\"widget\" data-widget_type=\"heading.default\">\n\t\t\t\t<div class=\"elementor-widget-container\">\n\t\t\t\t\t<h2 class=\"elementor-heading-title elementor-size-default\">Security networks<\/h2>\t\t\t\t<\/div>\n\t\t\t\t<\/div>\n\t\t\t\t\t<\/div>\n\t\t\t\t<\/div>\n\t\t<div class=\"elementor-element elementor-element-830546f e-flex e-con-boxed e-con e-parent\" data-id=\"830546f\" data-element_type=\"container\" data-e-type=\"container\" data-settings=\"{&quot;background_background&quot;:&quot;classic&quot;}\">\n\t\t\t\t\t<div class=\"e-con-inner\">\n\t\t<div class=\"elementor-element elementor-element-5c68fcc e-con-full e-flex e-con e-child\" data-id=\"5c68fcc\" data-element_type=\"container\" data-e-type=\"container\">\n\t\t\t\t<div class=\"elementor-element elementor-element-01e7219 elementor-widget elementor-widget-text-editor\" data-id=\"01e7219\" data-element_type=\"widget\" data-e-type=\"widget\" data-widget_type=\"text-editor.default\">\n\t\t\t\t<div class=\"elementor-widget-container\">\n\t\t\t\t\t\t\t\t\t<p><strong><span class=\"subtitle\" style=\"color: var(--theme); margin-bottom: 10px; display: inline-block; text-transform: uppercase; letter-spacing: 0.11em;\">Security networks<\/span><\/strong><\/p>\t\t\t\t\t\t\t\t<\/div>\n\t\t\t\t<\/div>\n\t\t\t\t<div class=\"elementor-element elementor-element-7d777bf elementor-widget elementor-widget-heading\" data-id=\"7d777bf\" data-element_type=\"widget\" data-e-type=\"widget\" data-widget_type=\"heading.default\">\n\t\t\t\t<div class=\"elementor-widget-container\">\n\t\t\t\t\t<h2 class=\"elementor-heading-title elementor-size-default\">Security networks: a necessity for businesses<\/h2>\t\t\t\t<\/div>\n\t\t\t\t<\/div>\n\t\t\t\t<div class=\"elementor-element elementor-element-630a1e3 elementor-widget elementor-widget-text-editor\" data-id=\"630a1e3\" data-element_type=\"widget\" data-e-type=\"widget\" data-widget_type=\"text-editor.default\">\n\t\t\t\t<div class=\"elementor-widget-container\">\n\t\t\t\t\t\t\t\t\t<p><span style=\"font-weight: 400;\">Security networks encompass all systems designed to protect premises, assets, and people against intrusion, fire, and vandalism risks. They include intrusion detection devices, fire detection systems, CCTV cameras, and access control solutions. These systems form a coherent whole, ensuring optimal security and centralized alert management<\/span><\/p>\t\t\t\t\t\t\t\t<\/div>\n\t\t\t\t<\/div>\n\t\t\t\t<\/div>\n\t\t<div class=\"elementor-element elementor-element-af7b42e e-con-full e-flex e-con e-child\" data-id=\"af7b42e\" data-element_type=\"container\" data-e-type=\"container\">\n\t\t\t\t<div class=\"elementor-element elementor-element-caefbcd elementor-view-default elementor-widget elementor-widget-icon\" data-id=\"caefbcd\" data-element_type=\"widget\" data-e-type=\"widget\" data-widget_type=\"icon.default\">\n\t\t\t\t<div class=\"elementor-widget-container\">\n\t\t\t\t\t\t\t<div class=\"elementor-icon-wrapper\">\n\t\t\t<div class=\"elementor-icon\">\n\t\t\t<svg xmlns=\"http:\/\/www.w3.org\/2000\/svg\" xmlns:xlink=\"http:\/\/www.w3.org\/1999\/xlink\" id=\"Calque_1\" x=\"0px\" y=\"0px\" width=\"211\" height=\"235\" viewbox=\"0 0 211 235\" xml:space=\"preserve\"><g>\t<path d=\"M194.226,59.891l-36.345,36.343c1.118,6.825,1.652,13.745,1.652,20.427c0,42.492-20.086,77.646-52.538,77.646   c-13.001,0-23.934-5.526-32.409-14.775l-28.451,28.451c16.297,12.985,36.87,19.932,59.703,19.932   c47.903,0,99.664-32.835,99.664-112.412C205.502,94.509,201.528,75.731,194.226,59.891z\"><\/path>\t<path d=\"M56.127,137.847c-1.091-6.531-1.666-13.376-1.666-20.415c0-36.699,14.678-77.646,52.923-77.646   c13.722,0,24.374,5.609,32.381,14.427l28.341-28.34C152.365,13.24,132.26,6.178,108.929,6.178   c-56.4,0-100.437,40.562-100.437,112.413c0,21.368,4.07,40.004,11.332,55.555L56.127,137.847z\"><\/path><\/g><\/svg>\t\t\t<\/div>\n\t\t<\/div>\n\t\t\t\t\t\t<\/div>\n\t\t\t\t<\/div>\n\t\t\t\t<\/div>\n\t\t\t\t\t<\/div>\n\t\t\t\t<\/div>\n\t\t<div class=\"elementor-element elementor-element-5f8ef26 e-flex e-con-boxed e-con e-parent\" data-id=\"5f8ef26\" data-element_type=\"container\" data-e-type=\"container\" data-settings=\"{&quot;background_background&quot;:&quot;classic&quot;}\">\n\t\t\t\t\t<div class=\"e-con-inner\">\n\t\t<div class=\"elementor-element elementor-element-5faf607 e-con-full e-flex e-con e-child\" data-id=\"5faf607\" data-element_type=\"container\" data-e-type=\"container\">\n\t\t\t\t<div class=\"elementor-element elementor-element-9076bb2 elementor-widget elementor-widget-heading\" data-id=\"9076bb2\" data-element_type=\"widget\" data-e-type=\"widget\" data-widget_type=\"heading.default\">\n\t\t\t\t<div class=\"elementor-widget-container\">\n\t\t\t\t\t<h2 class=\"elementor-heading-title elementor-size-default\">Our strengths<\/h2>\t\t\t\t<\/div>\n\t\t\t\t<\/div>\n\t\t\t\t<div class=\"elementor-element elementor-element-0b14258 elementor-widget elementor-widget-heading\" data-id=\"0b14258\" data-element_type=\"widget\" data-e-type=\"widget\" data-widget_type=\"heading.default\">\n\t\t\t\t<div class=\"elementor-widget-container\">\n\t\t\t\t\t<h2 class=\"elementor-heading-title elementor-size-default\">Technical expertise and tailor-made solutions\n<\/h2>\t\t\t\t<\/div>\n\t\t\t\t<\/div>\n\t\t\t\t<div class=\"elementor-element elementor-element-0af3e12 elementor-widget elementor-widget-text-editor\" data-id=\"0af3e12\" data-element_type=\"widget\" data-e-type=\"widget\" data-widget_type=\"text-editor.default\">\n\t\t\t\t<div class=\"elementor-widget-container\">\n\t\t\t\t\t\t\t\t\t<p><span style=\"font-weight: 400;\">Our expertise covers all security technologies:\u00a0<\/span><\/p>\t\t\t\t\t\t\t\t<\/div>\n\t\t\t\t<\/div>\n\t\t<div class=\"elementor-element elementor-element-dc61937 e-con-full e-flex e-con e-child\" data-id=\"dc61937\" data-element_type=\"container\" data-e-type=\"container\">\n\t\t\t\t<div class=\"elementor-element elementor-element-d1c505a elementor-align-start elementor-widget__width-inherit elementor-icon-list--layout-traditional elementor-list-item-link-full_width elementor-widget elementor-widget-icon-list\" data-id=\"d1c505a\" data-element_type=\"widget\" data-e-type=\"widget\" data-widget_type=\"icon-list.default\">\n\t\t\t\t<div class=\"elementor-widget-container\">\n\t\t\t\t\t\t\t<ul class=\"elementor-icon-list-items\">\n\t\t\t\t\t\t\t<li class=\"elementor-icon-list-item\">\n\t\t\t\t\t\t\t\t\t\t\t<span class=\"elementor-icon-list-icon\">\n\t\t\t\t\t\t\t<svg aria-hidden=\"true\" class=\"e-font-icon-svg e-fas-check\" viewbox=\"0 0 512 512\" xmlns=\"http:\/\/www.w3.org\/2000\/svg\"><path d=\"M173.898 439.404l-166.4-166.4c-9.997-9.997-9.997-26.206 0-36.204l36.203-36.204c9.997-9.998 26.207-9.998 36.204 0L192 312.69 432.095 72.596c9.997-9.997 26.207-9.997 36.204 0l36.203 36.204c9.997 9.997 9.997 26.206 0 36.204l-294.4 294.401c-9.998 9.997-26.207 9.997-36.204-.001z\"><\/path><\/svg>\t\t\t\t\t\t<\/span>\n\t\t\t\t\t\t\t\t\t\t<span class=\"elementor-icon-list-text\">Intrusion detection systems with motion sensors and infrared barriers, <\/span>\n\t\t\t\t\t\t\t\t\t<\/li>\n\t\t\t\t\t\t\t\t<li class=\"elementor-icon-list-item\">\n\t\t\t\t\t\t\t\t\t\t\t<span class=\"elementor-icon-list-icon\">\n\t\t\t\t\t\t\t<svg aria-hidden=\"true\" class=\"e-font-icon-svg e-fas-check\" viewbox=\"0 0 512 512\" xmlns=\"http:\/\/www.w3.org\/2000\/svg\"><path d=\"M173.898 439.404l-166.4-166.4c-9.997-9.997-9.997-26.206 0-36.204l36.203-36.204c9.997-9.998 26.207-9.998 36.204 0L192 312.69 432.095 72.596c9.997-9.997 26.207-9.997 36.204 0l36.203 36.204c9.997 9.997 9.997 26.206 0 36.204l-294.4 294.401c-9.998 9.997-26.207 9.997-36.204-.001z\"><\/path><\/svg>\t\t\t\t\t\t<\/span>\n\t\t\t\t\t\t\t\t\t\t<span class=\"elementor-icon-list-text\">Vid\u00e9osurveillance HD avec analyse intelligente, <\/span>\n\t\t\t\t\t\t\t\t\t<\/li>\n\t\t\t\t\t\t\t\t<li class=\"elementor-icon-list-item\">\n\t\t\t\t\t\t\t\t\t\t\t<span class=\"elementor-icon-list-icon\">\n\t\t\t\t\t\t\t<svg aria-hidden=\"true\" class=\"e-font-icon-svg e-fas-check\" viewbox=\"0 0 512 512\" xmlns=\"http:\/\/www.w3.org\/2000\/svg\"><path d=\"M173.898 439.404l-166.4-166.4c-9.997-9.997-9.997-26.206 0-36.204l36.203-36.204c9.997-9.998 26.207-9.998 36.204 0L192 312.69 432.095 72.596c9.997-9.997 26.207-9.997 36.204 0l36.203 36.204c9.997 9.997 9.997 26.206 0 36.204l-294.4 294.401c-9.998 9.997-26.207 9.997-36.204-.001z\"><\/path><\/svg>\t\t\t\t\t\t<\/span>\n\t\t\t\t\t\t\t\t\t\t<span class=\"elementor-icon-list-text\">Biometric and badge access control, <\/span>\n\t\t\t\t\t\t\t\t\t<\/li>\n\t\t\t\t\t\t\t\t<li class=\"elementor-icon-list-item\">\n\t\t\t\t\t\t\t\t\t\t\t<span class=\"elementor-icon-list-icon\">\n\t\t\t\t\t\t\t<svg aria-hidden=\"true\" class=\"e-font-icon-svg e-fas-check\" viewbox=\"0 0 512 512\" xmlns=\"http:\/\/www.w3.org\/2000\/svg\"><path d=\"M173.898 439.404l-166.4-166.4c-9.997-9.997-9.997-26.206 0-36.204l36.203-36.204c9.997-9.998 26.207-9.998 36.204 0L192 312.69 432.095 72.596c9.997-9.997 26.207-9.997 36.204 0l36.203 36.204c9.997 9.997 9.997 26.206 0 36.204l-294.4 294.401c-9.998 9.997-26.207 9.997-36.204-.001z\"><\/path><\/svg>\t\t\t\t\t\t<\/span>\n\t\t\t\t\t\t\t\t\t\t<span class=\"elementor-icon-list-text\">Fire detection compliant with standards. <\/span>\n\t\t\t\t\t\t\t\t\t<\/li>\n\t\t\t\t\t\t<\/ul>\n\t\t\t\t\t\t<\/div>\n\t\t\t\t<\/div>\n\t\t\t\t<\/div>\n\t\t\t\t<div class=\"elementor-element elementor-element-882a7db elementor-widget elementor-widget-text-editor\" data-id=\"882a7db\" data-element_type=\"widget\" data-e-type=\"widget\" data-widget_type=\"text-editor.default\">\n\t\t\t\t<div class=\"elementor-widget-container\">\n\t\t\t\t\t\t\t\t\t<p><span style=\"font-weight: 400;\">We conduct tailored audits to identify each client\u2019s exact needs and offer scalable, integrated, and easy-to-manage solutions.<\/span><\/p>\t\t\t\t\t\t\t\t<\/div>\n\t\t\t\t<\/div>\n\t\t\t\t<\/div>\n\t\t<div class=\"elementor-element elementor-element-7c51114 e-con-full e-flex e-con e-child\" data-id=\"7c51114\" data-element_type=\"container\" data-e-type=\"container\">\n\t\t\t\t<div class=\"elementor-element elementor-element-1fc5b76 elementor-invisible elementor-widget elementor-widget-image\" data-id=\"1fc5b76\" data-element_type=\"widget\" data-e-type=\"widget\" data-settings=\"{&quot;_animation&quot;:&quot;fadeInRight&quot;}\" data-widget_type=\"image.default\">\n\t\t\t\t<div class=\"elementor-widget-container\">\n\t\t\t\t\t\t\t\t\t\t\t\t\t\t\t<img fetchpriority=\"high\" decoding=\"async\" width=\"1024\" height=\"720\" src=\"https:\/\/solutions-dz.com\/wp-content\/uploads\/2025\/07\/1680-62ea30a686a86.webp\" class=\"attachment-full size-full wp-image-3416\" alt=\"\" srcset=\"https:\/\/solutions-dz.com\/wp-content\/uploads\/2025\/07\/1680-62ea30a686a86.webp 1024w, https:\/\/solutions-dz.com\/wp-content\/uploads\/2025\/07\/1680-62ea30a686a86-300x211.webp 300w, https:\/\/solutions-dz.com\/wp-content\/uploads\/2025\/07\/1680-62ea30a686a86-768x540.webp 768w, https:\/\/solutions-dz.com\/wp-content\/uploads\/2025\/07\/1680-62ea30a686a86-18x12.webp 18w\" sizes=\"(max-width: 1024px) 100vw, 1024px\" \/>\t\t\t\t\t\t\t\t\t\t\t\t\t\t\t<\/div>\n\t\t\t\t<\/div>\n\t\t\t\t<div class=\"elementor-element elementor-element-96cb124 elementor-invisible elementor-widget elementor-widget-image\" data-id=\"96cb124\" data-element_type=\"widget\" data-e-type=\"widget\" data-settings=\"{&quot;_animation&quot;:&quot;fadeInRight&quot;,&quot;_animation_delay&quot;:200}\" data-widget_type=\"image.default\">\n\t\t\t\t<div class=\"elementor-widget-container\">\n\t\t\t\t\t\t\t\t\t\t\t\t\t\t\t<img decoding=\"async\" width=\"1500\" height=\"1000\" src=\"https:\/\/solutions-dz.com\/wp-content\/uploads\/2025\/06\/20402.webp\" class=\"elementor-animation-grow attachment-full size-full wp-image-2844\" alt=\"\" srcset=\"https:\/\/solutions-dz.com\/wp-content\/uploads\/2025\/06\/20402.webp 1500w, https:\/\/solutions-dz.com\/wp-content\/uploads\/2025\/06\/20402-300x200.webp 300w, https:\/\/solutions-dz.com\/wp-content\/uploads\/2025\/06\/20402-1024x683.webp 1024w, https:\/\/solutions-dz.com\/wp-content\/uploads\/2025\/06\/20402-768x512.webp 768w, https:\/\/solutions-dz.com\/wp-content\/uploads\/2025\/06\/20402-18x12.webp 18w\" sizes=\"(max-width: 1500px) 100vw, 1500px\" \/>\t\t\t\t\t\t\t\t\t\t\t\t\t\t\t<\/div>\n\t\t\t\t<\/div>\n\t\t\t\t<\/div>\n\t\t\t\t\t<\/div>\n\t\t\t\t<\/div>\n\t\t<div class=\"elementor-element elementor-element-681c8c4 e-flex e-con-boxed e-con e-parent\" data-id=\"681c8c4\" data-element_type=\"container\" data-e-type=\"container\">\n\t\t\t\t\t<div class=\"e-con-inner\">\n\t\t\t\t<div class=\"elementor-element elementor-element-7f0f3e7 elementor-widget elementor-widget-daltech_service\" data-id=\"7f0f3e7\" data-element_type=\"widget\" data-e-type=\"widget\" data-widget_type=\"daltech_service.default\">\n\t\t\t\t<div class=\"elementor-widget-container\">\n\t\t\t\t\t\r\n\t\t\t<!--<< Service Section Three Start >>-->\r\n\t\t\t<section class=\"service-section fix section-padding section-bg-2\">\r\n\t\t\t\t<div class=\"left-shape\">\r\n\t\t\t\t\t<img decoding=\"async\" src=\"https:\/\/modinatheme.com\/daltech\/wp-content\/uploads\/2024\/05\/left-shape.png\" alt=\"Solutions%20IT%20Alg\u00e9rie\"  \/>\t\t\t\t<\/div>\r\n\t\t\t\t<div class=\"right-shape\">\r\n\t\t\t\t\t<img decoding=\"async\" src=\"https:\/\/modinatheme.com\/daltech\/wp-content\/uploads\/2024\/05\/right-shape-1.png\" alt=\"Solutions%20IT%20Alg\u00e9rie\"  \/>\t\t\t\t<\/div>\r\n\t\t\t\t<div class=\"line-shape-2\">\r\n\t\t\t\t\t<img decoding=\"async\" src=\"https:\/\/modinatheme.com\/daltech\/wp-content\/uploads\/2024\/05\/line-shape-2.png\" alt=\"Solutions%20IT%20Alg\u00e9rie\"  \/>\t\t\t\t<\/div>\r\n\t\t\t\t<div class=\"container\">\r\n\t\t\t\t\t<div class=\"service-wrapper-2\">\r\n\t\t\t\t\t\t<div class=\"row justify-content-between\">\r\n\t\t\t\t\t\t\t<div class=\"col-lg-4\">\r\n\t\t\t\t\t\t\t\t<div class=\"service-content\">\r\n\t\t\t\t\t\t\t\t\t<div class=\"section-title\">\r\n\t\t\t\t\t\t\t\t\t\t<span class=\"wow fadeInUp\">\r\n\t\t\t\t\t\t\t\t\t\t\t\t\t\t\t\t\t\t\t\t\t<\/span>\r\n\t\t\t\t\t\t\t\t\t\t<h2 class=\"wow fadeInUp\" data-wow-delay=\".3s\">\r\n\t\t\t\t\t\t\t\t\t\t\tLocal expertise at the service of your networks\n\t\t\t\t\t\t\t\t\t\t<\/h2>\r\n\t\t\t\t\t\t\t\t\t<\/div>\r\n\t\t\t\t\t\t\t\t\t<p class=\"mt-4 mt-md-0 wow fadeInUp\" data-wow-delay=\".5s\">\r\n\t\t\t\t\t\t\t\t\t\tFor over 17 years, Solutions IT has been supporting Algerian businesses with tailor-made networks adapted to local conditions. Our experience ensures high-performance, secure, and scalable solutions.\n\n\n\t\t\t\t\t\t\t\t\t<\/p>\r\n\t\t\t\t\t\t\t\t\t\t\t\t\t\t\t\t\t<\/div>\r\n\t\t\t\t\t\t\t<\/div>\r\n\t\t\t\t\t\t\t<div class=\"col-lg-7 mt-5 mt-lg-0\">\r\n\t\t\t\t\t\t\t\t<div class=\"row g-4\">\r\n\t\t\t\t\t\t\t\t\t\t\t\t\t\t\t\t\t\t\t<div class=\"col-lg-6 col-md-6 wow fadeInUp\" data-wow-delay=\".3s\">\r\n\t\t\t\t\t\t\t\t\t\t\t<div class=\"service-box-items-2\">\r\n\t\t\t\t\t\t\t\t\t\t\t\t<div class=\"icon\">\r\n\t\t\t\t\t\t\t\t\t\t\t\t\t\t\t\t\t\t\t\t\t\t\t\t\t\t\t<i class=\"flaticon-blueprint\"><\/i>\r\n\t\t\t\t\t\t\t\t\t\t\t\t\t\t\t\t\t\t\t\t\t\t\t\t\t\t\t\t\t\t\t\t\t\t\t\t\t\t\t\t\t\t\t\t\t\t\t\t\t\t\t<\/div>\r\n\t\t\t\t\t\t\t\t\t\t\t\t<div class=\"content\">\r\n\t\t\t\t\t\t\t\t\t\t\t\t\t<h3>\r\n\t\t\t\t\t\t\t\t\t\t\t\t\t\t<a href=\"#\">support <br>Holistic\t\t\t\t\t\t\t\t\t\t\t\t\t\t<\/a>\r\n\t\t\t\t\t\t\t\t\t\t\t\t\t<\/h3>\r\n\t\t\t\t\t\t\t\t\t\t\t\t\t<p>\r\n\t\t\t\t\t\t\t\t\t\t\t\t\t\tAudit, installation, training, maintenance: we manage the entire lifecycle of your network.\n\n\n\t\t\t\t\t\t\t\t\t\t\t\t\t<\/p>\r\n\t\t\t\t\t\t\t\t\t\t\t\t<\/div>\r\n\t\t\t\t\t\t\t\t\t\t\t<\/div>\r\n\t\t\t\t\t\t\t\t\t\t<\/div>\r\n\t\t\t\t\t\t\t\t\t\t\t\t\t\t\t\t\t\t\t<div class=\"col-lg-6 col-md-6 wow fadeInUp\" data-wow-delay=\".3s\">\r\n\t\t\t\t\t\t\t\t\t\t\t<div class=\"service-box-items-2\">\r\n\t\t\t\t\t\t\t\t\t\t\t\t<div class=\"icon\">\r\n\t\t\t\t\t\t\t\t\t\t\t\t\t\t\t\t\t\t\t\t\t\t\t\t\t\t\t<i class=\"flaticon-project-management\"><\/i>\r\n\t\t\t\t\t\t\t\t\t\t\t\t\t\t\t\t\t\t\t\t\t\t\t\t\t\t\t\t\t\t\t\t\t\t\t\t\t\t\t\t\t\t\t\t\t\t\t\t\t\t\t<\/div>\r\n\t\t\t\t\t\t\t\t\t\t\t\t<div class=\"content\">\r\n\t\t\t\t\t\t\t\t\t\t\t\t\t<h3>\r\n\t\t\t\t\t\t\t\t\t\t\t\t\t\t<a href=\"#\">partner of<br> Trusted\t\t\t\t\t\t\t\t\t\t\t\t\t\t<\/a>\r\n\t\t\t\t\t\t\t\t\t\t\t\t\t<\/h3>\r\n\t\t\t\t\t\t\t\t\t\t\t\t\t<p>\r\n\t\t\t\t\t\t\t\t\t\t\t\t\t\tResponsive and close to our clients, we ensure the continuity and security of your infrastructure.\n\n\n\t\t\t\t\t\t\t\t\t\t\t\t\t<\/p>\r\n\t\t\t\t\t\t\t\t\t\t\t\t<\/div>\r\n\t\t\t\t\t\t\t\t\t\t\t<\/div>\r\n\t\t\t\t\t\t\t\t\t\t<\/div>\r\n\t\t\t\t\t\t\t\t\t\t\t\t\t\t\t\t\t<\/div>\r\n\t\t\t\t\t\t\t<\/div>\r\n\t\t\t\t\t\t<\/div>\r\n\t\t\t\t\t<\/div>\r\n\t\t\t\t<\/div>\r\n\t\t\t<\/section>\r\n\t\t\t<!--<< Service Section Three End >>-->\r\n\r\n\t\t\t\t\t\t<\/div>\n\t\t\t\t<\/div>\n\t\t\t\t\t<\/div>\n\t\t\t\t<\/div>\n\t\t<div class=\"elementor-element elementor-element-7535dc8 e-flex e-con-boxed e-con e-parent\" data-id=\"7535dc8\" data-element_type=\"container\" data-e-type=\"container\">\n\t\t\t\t\t<div class=\"e-con-inner\">\n\t\t\t\t<div class=\"elementor-element elementor-element-b4e57a6 elementor-widget elementor-widget-daltech_call_to_action\" data-id=\"b4e57a6\" data-element_type=\"widget\" data-e-type=\"widget\" data-widget_type=\"daltech_call_to_action.default\">\n\t\t\t\t<div class=\"elementor-widget-container\">\n\t\t\t\t\t\r\n            <!--<< Cta Discuss Section Start >>-->\r\n            <section class=\"cta-discuss-section\">\r\n                <div class=\"container\">\r\n                    <div class=\"cta-discuss-wrapper\">\r\n                        <div class=\"cta-discuss-image wow fadeInUp\" data-wow-delay=\".3s\">\r\n                            <img decoding=\"async\" src=\"https:\/\/solutions-dz.com\/wp-content\/uploads\/2025\/06\/details-3.png\" alt=\"Solutions%20IT%20Alg\u00e9rie\"  \/>                            <div class=\"icon\">\r\n                                <i class=\"flaticon-chat\"><\/i>\r\n                            <\/div>\r\n                        <\/div>\r\n                        <div class=\"cta-discuss-content\">\r\n                            <div class=\"section-title mb-0\">\r\n                                <span class=\"wow fadeInUp\" data-wow-delay=\".5s\">\r\n                                    <i class=\"far fa-arrow-right\"><\/i>\r\n                                    Consult our team                                <\/span>\r\n                                <h2 class=\"wow fadeInUp\" data-wow-delay=\".7s\">\r\n                                    Let's discuss <span>your needs<\/span> in Solutions IT                                <\/h2>\r\n                            <\/div>\r\n                                                            <div class=\"cta-button wow fadeInUp\" data-wow-delay=\".9s\">\r\n                                    <a href=\"\/en\/contact.html\/\" class=\"link-btn\">\r\n                                        <span>\r\n                                            Get in touch<\/span>\r\n                                        <i class=\"fas fa-chevron-right\"><\/i>\r\n                                    <\/a>\r\n                                <\/div>\r\n                                                    <\/div>\r\n                    <\/div>\r\n                <\/div>\r\n            <\/section>\r\n            <!-- End CallToActions style Three -->\r\n\r\n        \t\t\t\t<\/div>\n\t\t\t\t<\/div>\n\t\t\t\t\t<\/div>\n\t\t\t\t<\/div>\n\t\t\t\t<\/div>","protected":false},"excerpt":{"rendered":"<p>R\u00e9seaux de s\u00e9curit\u00e9 R\u00e9seaux de s\u00e9curit\u00e9 Les r\u00e9seaux de s\u00e9curit\u00e9 : une n\u00e9cessit\u00e9 pour les entreprises Les r\u00e9seaux de s\u00e9curit\u00e9 regroupent l\u2019ensemble des syst\u00e8mes con\u00e7us pour prot\u00e9ger les locaux, les biens et les personnes contre les risques d\u2019intrusion, d\u2019incendie et de vandalisme. Ils int\u00e8grent des dispositifs anti-intrusion, des syst\u00e8mes de d\u00e9tection incendie, des cam\u00e9ras de&#8230;<\/p>","protected":false},"author":1,"featured_media":0,"parent":0,"menu_order":0,"comment_status":"closed","ping_status":"closed","template":"elementor_header_footer","meta":{"_sitemap_exclude":false,"_sitemap_priority":"","_sitemap_frequency":"","_themeisle_gutenberg_block_has_review":false,"footnotes":""},"class_list":["post-3672","page","type-page","status-publish","hentry"],"_links":{"self":[{"href":"https:\/\/solutions-dz.com\/en\/wp-json\/wp\/v2\/pages\/3672","targetHints":{"allow":["GET"]}}],"collection":[{"href":"https:\/\/solutions-dz.com\/en\/wp-json\/wp\/v2\/pages"}],"about":[{"href":"https:\/\/solutions-dz.com\/en\/wp-json\/wp\/v2\/types\/page"}],"author":[{"embeddable":true,"href":"https:\/\/solutions-dz.com\/en\/wp-json\/wp\/v2\/users\/1"}],"replies":[{"embeddable":true,"href":"https:\/\/solutions-dz.com\/en\/wp-json\/wp\/v2\/comments?post=3672"}],"version-history":[{"count":16,"href":"https:\/\/solutions-dz.com\/en\/wp-json\/wp\/v2\/pages\/3672\/revisions"}],"predecessor-version":[{"id":4343,"href":"https:\/\/solutions-dz.com\/en\/wp-json\/wp\/v2\/pages\/3672\/revisions\/4343"}],"wp:attachment":[{"href":"https:\/\/solutions-dz.com\/en\/wp-json\/wp\/v2\/media?parent=3672"}],"curies":[{"name":"wp","href":"https:\/\/api.w.org\/{rel}","templated":true}]}}