{"id":3296,"date":"2025-06-19T13:47:42","date_gmt":"2025-06-19T13:47:42","guid":{"rendered":"https:\/\/solutions-dz.com\/?page_id=3296"},"modified":"2025-07-15T16:52:03","modified_gmt":"2025-07-15T16:52:03","slug":"video-surveillance-cctv","status":"publish","type":"page","link":"https:\/\/solutions-dz.com\/en\/video-surveillance-cctv\/","title":{"rendered":"CCTV video surveillance"},"content":{"rendered":"<div data-elementor-type=\"wp-page\" data-elementor-id=\"3296\" class=\"elementor elementor-3296\">\n\t\t\t\t<div class=\"elementor-element elementor-element-553f03d e-flex e-con-boxed e-con e-parent\" data-id=\"553f03d\" data-element_type=\"container\" data-e-type=\"container\" data-settings=\"{&quot;background_background&quot;:&quot;classic&quot;}\">\n\t\t\t\t\t<div class=\"e-con-inner\">\n\t\t\t\t<div class=\"elementor-element elementor-element-f582586 elementor-widget elementor-widget-heading\" data-id=\"f582586\" data-element_type=\"widget\" data-e-type=\"widget\" data-widget_type=\"heading.default\">\n\t\t\t\t<div class=\"elementor-widget-container\">\n\t\t\t\t\t<h2 class=\"elementor-heading-title elementor-size-default\">CCTV video surveillance<\/h2>\t\t\t\t<\/div>\n\t\t\t\t<\/div>\n\t\t\t\t\t<\/div>\n\t\t\t\t<\/div>\n\t\t<div class=\"elementor-element elementor-element-bf2c8e6 e-flex e-con-boxed e-con e-parent\" data-id=\"bf2c8e6\" data-element_type=\"container\" data-e-type=\"container\">\n\t\t\t\t\t<div class=\"e-con-inner\">\n\t\t\t\t<div class=\"elementor-element elementor-element-fa99ee5 elementor-widget elementor-widget-elementskit-heading\" data-id=\"fa99ee5\" data-element_type=\"widget\" data-e-type=\"widget\" data-widget_type=\"elementskit-heading.default\">\n\t\t\t\t<div class=\"elementor-widget-container\">\n\t\t\t\t\t<div class=\"ekit-wid-con\" ><div class=\"ekit-heading elementskit-section-title-wraper text_left   ekit_heading_tablet-text_center   ekit_heading_mobile-text_center\"><h2 class=\"ekit-heading--title elementskit-section-title\">Video surveillance solution <span><span>CCTV<\/span><\/span><\/h2><\/div><\/div>\t\t\t\t<\/div>\n\t\t\t\t<\/div>\n\t\t\t\t<div class=\"elementor-element elementor-element-b89b4f6 elementor-widget__width-initial elementor-widget elementor-widget-text-editor\" data-id=\"b89b4f6\" data-element_type=\"widget\" data-e-type=\"widget\" data-widget_type=\"text-editor.default\">\n\t\t\t\t<div class=\"elementor-widget-container\">\n\t\t\t\t\t\t\t\t\t<p><span style=\"font-weight: 400;\">The <strong>video surveillance<\/strong> is now an essential tool for ensuring the <strong>security<\/strong> of your business, your employees, and your equipment. Whether you are a company, a shop, a hotel, or an industrial facility, installing a<strong> Video surveillance system<\/strong> high performance allows you to prevent malicious acts, react quickly in the event of an incident, and <strong>protect<\/strong> effectively your business.<\/span><\/p>\t\t\t\t\t\t\t\t<\/div>\n\t\t\t\t<\/div>\n\t\t\t\t<div class=\"elementor-element elementor-element-bedd30e elementor-widget elementor-widget-image\" data-id=\"bedd30e\" data-element_type=\"widget\" data-e-type=\"widget\" data-widget_type=\"image.default\">\n\t\t\t\t<div class=\"elementor-widget-container\">\n\t\t\t\t\t\t\t\t\t\t\t\t\t\t\t<img fetchpriority=\"high\" decoding=\"async\" width=\"800\" height=\"400\" src=\"https:\/\/solutions-dz.com\/wp-content\/uploads\/2025\/07\/Huong-Dan-Cai-Dat-Xoay-Theo-Mau-Pattern-Tren-Camera-Speedome-Analog-Dahua-Kbvision-800x400.png\" class=\"attachment-daltech_800X400 size-daltech_800X400 wp-image-4168\" alt=\"Dahua Alg\u00e9rie\" srcset=\"https:\/\/solutions-dz.com\/wp-content\/uploads\/2025\/07\/Huong-Dan-Cai-Dat-Xoay-Theo-Mau-Pattern-Tren-Camera-Speedome-Analog-Dahua-Kbvision-800x400.png 800w, https:\/\/solutions-dz.com\/wp-content\/uploads\/2025\/07\/Huong-Dan-Cai-Dat-Xoay-Theo-Mau-Pattern-Tren-Camera-Speedome-Analog-Dahua-Kbvision-18x10.png 18w\" sizes=\"(max-width: 800px) 100vw, 800px\" \/>\t\t\t\t\t\t\t\t\t\t\t\t\t\t\t<\/div>\n\t\t\t\t<\/div>\n\t\t\t\t<div class=\"elementor-element elementor-element-6030176 elementor-absolute elementor-view-default elementor-widget elementor-widget-icon\" data-id=\"6030176\" data-element_type=\"widget\" data-e-type=\"widget\" data-settings=\"{&quot;_position&quot;:&quot;absolute&quot;}\" data-widget_type=\"icon.default\">\n\t\t\t\t<div class=\"elementor-widget-container\">\n\t\t\t\t\t\t\t<div class=\"elementor-icon-wrapper\">\n\t\t\t<div class=\"elementor-icon\">\n\t\t\t<svg xmlns=\"http:\/\/www.w3.org\/2000\/svg\" xmlns:xlink=\"http:\/\/www.w3.org\/1999\/xlink\" id=\"Calque_1\" x=\"0px\" y=\"0px\" width=\"841.8900146484375\" height=\"595.280029296875\" viewbox=\"0 0 841.89 595.28\" xml:space=\"preserve\"><g>\t<path d=\"M362.905,271.844c5.647-34.067,23.567-64.712,59.13-64.712c34.891,0,52.674,31.305,58.269,64.717l53.673,0.002   c-8.06-62.72-49.786-103.558-110.154-103.558c-57.917,0-104.521,37.04-114.192,103.549L362.905,271.844z\"><\/path>\t<path d=\"M480.168,320.99c-6.519,37.147-27.698,64.708-58.579,64.708c-31.391,0-52.376-27.811-58.697-64.708h-53.697   c8.444,65.547,53.589,103.545,111.055,103.545c49.73,0,103.029-30.649,113.359-103.545H480.168z\"><\/path><\/g><\/svg>\t\t\t<\/div>\n\t\t<\/div>\n\t\t\t\t\t\t<\/div>\n\t\t\t\t<\/div>\n\t\t\t\t\t<\/div>\n\t\t\t\t<\/div>\n\t\t<div class=\"elementor-element elementor-element-51a68b2 e-flex e-con-boxed e-con e-parent\" data-id=\"51a68b2\" data-element_type=\"container\" data-e-type=\"container\" data-settings=\"{&quot;background_background&quot;:&quot;classic&quot;}\">\n\t\t\t\t\t<div class=\"e-con-inner\">\n\t\t<div class=\"elementor-element elementor-element-1d33bfa e-con-full animated-fast e-flex elementor-invisible e-con e-child\" data-id=\"1d33bfa\" data-element_type=\"container\" data-e-type=\"container\" data-settings=\"{&quot;animation&quot;:&quot;pulse&quot;}\">\n\t\t\t\t<div class=\"elementor-element elementor-element-153e98c elementor-widget elementor-widget-heading\" data-id=\"153e98c\" data-element_type=\"widget\" data-e-type=\"widget\" data-widget_type=\"heading.default\">\n\t\t\t\t<div class=\"elementor-widget-container\">\n\t\t\t\t\t<h2 class=\"elementor-heading-title elementor-size-default\">CCTV video surveillance<\/h2>\t\t\t\t<\/div>\n\t\t\t\t<\/div>\n\t\t\t\t<div class=\"elementor-element elementor-element-89522c4 elementor-widget elementor-widget-heading\" data-id=\"89522c4\" data-element_type=\"widget\" data-e-type=\"widget\" data-widget_type=\"heading.default\">\n\t\t\t\t<div class=\"elementor-widget-container\">\n\t\t\t\t\t<h2 class=\"elementor-heading-title elementor-size-default\">Why a video surveillance system?\n<\/h2>\t\t\t\t<\/div>\n\t\t\t\t<\/div>\n\t\t\t\t<div class=\"elementor-element elementor-element-7b3d383 elementor-align-start elementor-icon-list--layout-traditional elementor-list-item-link-full_width elementor-widget elementor-widget-icon-list\" data-id=\"7b3d383\" data-element_type=\"widget\" data-e-type=\"widget\" data-widget_type=\"icon-list.default\">\n\t\t\t\t<div class=\"elementor-widget-container\">\n\t\t\t\t\t\t\t<ul class=\"elementor-icon-list-items\">\n\t\t\t\t\t\t\t<li class=\"elementor-icon-list-item\">\n\t\t\t\t\t\t\t\t\t\t\t<span class=\"elementor-icon-list-icon\">\n\t\t\t\t\t\t\t<svg aria-hidden=\"true\" class=\"e-font-icon-svg e-fas-check\" viewbox=\"0 0 512 512\" xmlns=\"http:\/\/www.w3.org\/2000\/svg\"><path d=\"M173.898 439.404l-166.4-166.4c-9.997-9.997-9.997-26.206 0-36.204l36.203-36.204c9.997-9.998 26.207-9.998 36.204 0L192 312.69 432.095 72.596c9.997-9.997 26.207-9.997 36.204 0l36.203 36.204c9.997 9.997 9.997 26.206 0 36.204l-294.4 294.401c-9.998 9.997-26.207 9.997-36.204-.001z\"><\/path><\/svg>\t\t\t\t\t\t<\/span>\n\t\t\t\t\t\t\t\t\t\t<span class=\"elementor-icon-list-text\">Deterring malicious acts: The mere presence of visible cameras in strategic areas (entrances, access points, parking lots, warehouses) strongly discourages intrusions, thefts, or vandalism. Burglars avoid sites equipped with a surveillance system, which significantly reduces the risks.<\/span>\n\t\t\t\t\t\t\t\t\t<\/li>\n\t\t\t\t\t\t\t\t<li class=\"elementor-icon-list-item\">\n\t\t\t\t\t\t\t\t\t\t\t<span class=\"elementor-icon-list-icon\">\n\t\t\t\t\t\t\t<svg aria-hidden=\"true\" class=\"e-font-icon-svg e-fas-check\" viewbox=\"0 0 512 512\" xmlns=\"http:\/\/www.w3.org\/2000\/svg\"><path d=\"M173.898 439.404l-166.4-166.4c-9.997-9.997-9.997-26.206 0-36.204l36.203-36.204c9.997-9.998 26.207-9.998 36.204 0L192 312.69 432.095 72.596c9.997-9.997 26.207-9.997 36.204 0l36.203 36.204c9.997 9.997 9.997 26.206 0 36.204l-294.4 294.401c-9.998 9.997-26.207 9.997-36.204-.001z\"><\/path><\/svg>\t\t\t\t\t\t<\/span>\n\t\t\t\t\t\t\t\t\t\t<span class=\"elementor-icon-list-text\">Real-time monitoring and immediate alerts: Thanks to modern technology, you can view live images on your smartphone, tablet, or computer, wherever you are. In the event of suspicious activity, an alert is triggered instantly, allowing for a rapid response from security teams or authorities.<\/span>\n\t\t\t\t\t\t\t\t\t<\/li>\n\t\t\t\t\t\t\t\t<li class=\"elementor-icon-list-item\">\n\t\t\t\t\t\t\t\t\t\t\t<span class=\"elementor-icon-list-icon\">\n\t\t\t\t\t\t\t<svg aria-hidden=\"true\" class=\"e-font-icon-svg e-fas-check\" viewbox=\"0 0 512 512\" xmlns=\"http:\/\/www.w3.org\/2000\/svg\"><path d=\"M173.898 439.404l-166.4-166.4c-9.997-9.997-9.997-26.206 0-36.204l36.203-36.204c9.997-9.998 26.207-9.998 36.204 0L192 312.69 432.095 72.596c9.997-9.997 26.207-9.997 36.204 0l36.203 36.204c9.997 9.997 9.997 26.206 0 36.204l-294.4 294.401c-9.998 9.997-26.207 9.997-36.204-.001z\"><\/path><\/svg>\t\t\t\t\t\t<\/span>\n\t\t\t\t\t\t\t\t\t\t<span class=\"elementor-icon-list-text\">Gathering solid evidence: Video recordings are essential for identifying perpetrators of incidents, facilitating investigations, and expediting the recovery of stolen property. They also protect your business in the event of litigation or accidents.<\/span>\n\t\t\t\t\t\t\t\t\t<\/li>\n\t\t\t\t\t\t\t\t<li class=\"elementor-icon-list-item\">\n\t\t\t\t\t\t\t\t\t\t\t<span class=\"elementor-icon-list-icon\">\n\t\t\t\t\t\t\t<svg aria-hidden=\"true\" class=\"e-font-icon-svg e-fas-check\" viewbox=\"0 0 512 512\" xmlns=\"http:\/\/www.w3.org\/2000\/svg\"><path d=\"M173.898 439.404l-166.4-166.4c-9.997-9.997-9.997-26.206 0-36.204l36.203-36.204c9.997-9.998 26.207-9.998 36.204 0L192 312.69 432.095 72.596c9.997-9.997 26.207-9.997 36.204 0l36.203 36.204c9.997 9.997 9.997 26.206 0 36.204l-294.4 294.401c-9.998 9.997-26.207 9.997-36.204-.001z\"><\/path><\/svg>\t\t\t\t\t\t<\/span>\n\t\t\t\t\t\t\t\t\t\t<span class=\"elementor-icon-list-text\">Enhanced security for your employees: Video surveillance also allows you to monitor sensitive areas and ensure the safety of people, by quickly detecting any accident, illness or risky situation.<\/span>\n\t\t\t\t\t\t\t\t\t<\/li>\n\t\t\t\t\t\t<\/ul>\n\t\t\t\t\t\t<\/div>\n\t\t\t\t<\/div>\n\t\t\t\t<div class=\"elementor-element elementor-element-1833b87 elementor-widget elementor-widget-text-editor\" data-id=\"1833b87\" data-element_type=\"widget\" data-e-type=\"widget\" data-widget_type=\"text-editor.default\">\n\t\t\t\t<div class=\"elementor-widget-container\">\n\t\t\t\t\t\t\t\t\t<p><span style=\"font-weight: 400;\">We offer customized systems, tailored to the size and layout of your premises, with professional installation and regular maintenance. Our experts will guide you from the initial assessment to commissioning for optimal protection.<\/span><\/p><p>\u00a0<\/p><p><a href=\"\/en\/contact\/\" target=\"_blank\" rel=\"noopener\"><b>Contact Us<\/b><\/a>\u00a0<b>for a personalized study and a quote tailored to your needs.<\/b><\/p>\t\t\t\t\t\t\t\t<\/div>\n\t\t\t\t<\/div>\n\t\t\t\t<\/div>\n\t\t<div class=\"elementor-element elementor-element-54016c3 e-con-full animated-fast e-flex elementor-invisible e-con e-child\" data-id=\"54016c3\" data-element_type=\"container\" data-e-type=\"container\" data-settings=\"{&quot;animation&quot;:&quot;pulse&quot;}\">\n\t\t\t\t<div class=\"elementor-element elementor-element-11f4281 elementor-widget elementor-widget-image\" data-id=\"11f4281\" data-element_type=\"widget\" data-e-type=\"widget\" data-widget_type=\"image.default\">\n\t\t\t\t<div class=\"elementor-widget-container\">\n\t\t\t\t\t\t\t\t\t\t\t\t\t\t\t<img decoding=\"async\" src=\"https:\/\/www.reseau-proeco-energies.fr\/img\/realisations\/1680-6393037a049e0.jpg\" title=\"\" alt=\"\" loading=\"lazy\" \/>\t\t\t\t\t\t\t\t\t\t\t\t\t\t\t<\/div>\n\t\t\t\t<\/div>\n\t\t\t\t<\/div>\n\t\t\t\t\t<\/div>\n\t\t\t\t<\/div>\n\t\t<div class=\"elementor-element elementor-element-fa0e89f e-con-full e-flex e-con e-parent\" data-id=\"fa0e89f\" data-element_type=\"container\" data-e-type=\"container\">\n\t\t<div class=\"elementor-element elementor-element-8c89999 e-con-full e-flex e-con e-child\" data-id=\"8c89999\" data-element_type=\"container\" data-e-type=\"container\">\n\t\t\t\t<div class=\"elementor-element elementor-element-73f6010 elementor-widget elementor-widget-daltech_call_to_action\" data-id=\"73f6010\" data-element_type=\"widget\" data-e-type=\"widget\" data-widget_type=\"daltech_call_to_action.default\">\n\t\t\t\t<div class=\"elementor-widget-container\">\n\t\t\t\t\t\r\n            <!--<< Cta Banner Section Start >>-->\r\n            <section class=\"cta-banner-section bg-cover section-padding\" style=\"background-image: url(https:\/\/solutions-dz.com\/wp-content\/uploads\/2025\/07\/2aa9163a-17e8-4856-ba40-3634d43a34da.png);\">\r\n                <div class=\"container\">\r\n                    <div class=\"cta-banner-wrapper section-padding pt-0\">\r\n                        <div class=\"section-title mb-0\">\r\n                            <span class=\"text-white wow fadeInUp\">\r\n                                +800 projects completed in Algeria                            <\/span>\r\n                            <h2 class=\"text-white wow fadeInUp\" data-wow-delay=\".3s\">\r\n                                Contact us for a quote<br> for your network and IT installations                             <\/h2>\r\n                        <\/div>\r\n                                                    <a href=\"https:\/\/solutions-dz.com\/en\/contact\/\" class=\"theme-btn hover-white wow fadeInUp\" data-wow-delay=\".5s\">\r\n                                <span>\r\n                                    Request a quote                                    <i class=\"fas fa-chevron-right\"><\/i>\r\n                                <\/span>\r\n                            <\/a>\r\n                                            <\/div>\r\n                <\/div>\r\n            <\/section>\r\n            <!-- End CallToActions style one -->\r\n\r\n        \t\t\t\t<\/div>\n\t\t\t\t<\/div>\n\t\t\t\t<\/div>\n\t\t\t\t<\/div>\n\t\t\t\t<\/div>","protected":false},"excerpt":{"rendered":"<p>Vid\u00e9o surveillance CCTV Solution vid\u00e9o surveillance CCTV La vid\u00e9o surveillance est aujourd\u2019hui un outil incontournable pour assurer la s\u00e9curit\u00e9 de votre entreprise, de vos collaborateurs et de vos \u00e9quipements. Que vous soyez une entreprise, un commerce, un h\u00f4tel ou une industrie, installer un syst\u00e8me de vid\u00e9osurveillance performant vous permet de pr\u00e9venir les actes malveillants, de&#8230;<\/p>","protected":false},"author":1,"featured_media":0,"parent":0,"menu_order":0,"comment_status":"closed","ping_status":"closed","template":"elementor_header_footer","meta":{"_sitemap_exclude":false,"_sitemap_priority":"","_sitemap_frequency":"","_themeisle_gutenberg_block_has_review":false,"footnotes":""},"class_list":["post-3296","page","type-page","status-publish","hentry"],"_links":{"self":[{"href":"https:\/\/solutions-dz.com\/en\/wp-json\/wp\/v2\/pages\/3296","targetHints":{"allow":["GET"]}}],"collection":[{"href":"https:\/\/solutions-dz.com\/en\/wp-json\/wp\/v2\/pages"}],"about":[{"href":"https:\/\/solutions-dz.com\/en\/wp-json\/wp\/v2\/types\/page"}],"author":[{"embeddable":true,"href":"https:\/\/solutions-dz.com\/en\/wp-json\/wp\/v2\/users\/1"}],"replies":[{"embeddable":true,"href":"https:\/\/solutions-dz.com\/en\/wp-json\/wp\/v2\/comments?post=3296"}],"version-history":[{"count":65,"href":"https:\/\/solutions-dz.com\/en\/wp-json\/wp\/v2\/pages\/3296\/revisions"}],"predecessor-version":[{"id":4220,"href":"https:\/\/solutions-dz.com\/en\/wp-json\/wp\/v2\/pages\/3296\/revisions\/4220"}],"wp:attachment":[{"href":"https:\/\/solutions-dz.com\/en\/wp-json\/wp\/v2\/media?parent=3296"}],"curies":[{"name":"wp","href":"https:\/\/api.w.org\/{rel}","templated":true}]}}