{"id":3198,"date":"2025-06-18T11:30:09","date_gmt":"2025-06-18T11:30:09","guid":{"rendered":"https:\/\/solutions-dz.com\/?page_id=3198"},"modified":"2025-09-08T10:35:29","modified_gmt":"2025-09-08T10:35:29","slug":"fibre-optique","status":"publish","type":"page","link":"https:\/\/solutions-dz.com\/en\/fibre-optique\/","title":{"rendered":"Optical fibre"},"content":{"rendered":"<div data-elementor-type=\"wp-page\" data-elementor-id=\"3198\" class=\"elementor elementor-3198\">\n\t\t\t\t<div class=\"elementor-element elementor-element-553f03d e-flex e-con-boxed e-con e-parent\" data-id=\"553f03d\" data-element_type=\"container\" data-e-type=\"container\" data-settings=\"{&quot;background_background&quot;:&quot;classic&quot;}\">\n\t\t\t\t\t<div class=\"e-con-inner\">\n\t\t\t\t<div class=\"elementor-element elementor-element-f582586 elementor-widget elementor-widget-heading\" data-id=\"f582586\" data-element_type=\"widget\" data-e-type=\"widget\" data-widget_type=\"heading.default\">\n\t\t\t\t<div class=\"elementor-widget-container\">\n\t\t\t\t\t<h2 class=\"elementor-heading-title elementor-size-default\">Optical fibre<\/h2>\t\t\t\t<\/div>\n\t\t\t\t<\/div>\n\t\t\t\t\t<\/div>\n\t\t\t\t<\/div>\n\t\t<div class=\"elementor-element elementor-element-bf2c8e6 e-flex e-con-boxed e-con e-parent\" data-id=\"bf2c8e6\" data-element_type=\"container\" data-e-type=\"container\">\n\t\t\t\t\t<div class=\"e-con-inner\">\n\t\t\t\t<div class=\"elementor-element elementor-element-fa99ee5 elementor-widget elementor-widget-elementskit-heading\" data-id=\"fa99ee5\" data-element_type=\"widget\" data-e-type=\"widget\" data-widget_type=\"elementskit-heading.default\">\n\t\t\t\t<div class=\"elementor-widget-container\">\n\t\t\t\t\t<div class=\"ekit-wid-con\" ><div class=\"ekit-heading elementskit-section-title-wraper text_left   ekit_heading_tablet-   ekit_heading_mobile-text_center\"><h2 class=\"ekit-heading--title elementskit-section-title\">Installation <span><span>Optical fibre<\/span><\/span><\/h2><\/div><\/div>\t\t\t\t<\/div>\n\t\t\t\t<\/div>\n\t\t\t\t<div class=\"elementor-element elementor-element-b89b4f6 elementor-widget__width-initial elementor-widget elementor-widget-text-editor\" data-id=\"b89b4f6\" data-element_type=\"widget\" data-e-type=\"widget\" data-widget_type=\"text-editor.default\">\n\t\t\t\t<div class=\"elementor-widget-container\">\n\t\t\t\t\t\t\t\t\t<p><span style=\"font-weight: 400;\">Fiber optics is the essential technology for a <strong>ultra-fast internet connection<\/strong>, stable and secure in Algeria. Ideal for <strong>companies<\/strong>, data centers and critical infrastructure.<\/span><\/p>\t\t\t\t\t\t\t\t<\/div>\n\t\t\t\t<\/div>\n\t\t\t\t<div class=\"elementor-element elementor-element-5387742 elementor-widget__width-initial e-transform elementor-widget elementor-widget-image\" data-id=\"5387742\" data-element_type=\"widget\" data-e-type=\"widget\" data-settings=\"{&quot;_transform_rotateZ_effect&quot;:{&quot;unit&quot;:&quot;px&quot;,&quot;size&quot;:&quot;&quot;,&quot;sizes&quot;:[]},&quot;_transform_rotateZ_effect_tablet&quot;:{&quot;unit&quot;:&quot;deg&quot;,&quot;size&quot;:&quot;&quot;,&quot;sizes&quot;:[]},&quot;_transform_rotateZ_effect_mobile&quot;:{&quot;unit&quot;:&quot;deg&quot;,&quot;size&quot;:&quot;&quot;,&quot;sizes&quot;:[]}}\" data-widget_type=\"image.default\">\n\t\t\t\t<div class=\"elementor-widget-container\">\n\t\t\t\t\t\t\t\t\t\t\t\t\t\t\t<img fetchpriority=\"high\" decoding=\"async\" width=\"1311\" height=\"983\" src=\"https:\/\/solutions-dz.com\/wp-content\/uploads\/2025\/07\/image-4.webp\" class=\"attachment-full size-full wp-image-3450\" alt=\"\" srcset=\"https:\/\/solutions-dz.com\/wp-content\/uploads\/2025\/07\/image-4.webp 1311w, https:\/\/solutions-dz.com\/wp-content\/uploads\/2025\/07\/image-4-300x225.webp 300w, https:\/\/solutions-dz.com\/wp-content\/uploads\/2025\/07\/image-4-1024x768.webp 1024w, https:\/\/solutions-dz.com\/wp-content\/uploads\/2025\/07\/image-4-768x576.webp 768w, https:\/\/solutions-dz.com\/wp-content\/uploads\/2025\/07\/image-4-800x600.webp 800w, https:\/\/solutions-dz.com\/wp-content\/uploads\/2025\/07\/image-4-16x12.webp 16w\" sizes=\"(max-width: 1311px) 100vw, 1311px\" \/>\t\t\t\t\t\t\t\t\t\t\t\t\t\t\t<\/div>\n\t\t\t\t<\/div>\n\t\t\t\t<div class=\"elementor-element elementor-element-0e7343a elementor-absolute elementor-view-default elementor-widget elementor-widget-icon\" data-id=\"0e7343a\" data-element_type=\"widget\" data-e-type=\"widget\" data-settings=\"{&quot;_position&quot;:&quot;absolute&quot;}\" data-widget_type=\"icon.default\">\n\t\t\t\t<div class=\"elementor-widget-container\">\n\t\t\t\t\t\t\t<div class=\"elementor-icon-wrapper\">\n\t\t\t<div class=\"elementor-icon\">\n\t\t\t<svg xmlns=\"http:\/\/www.w3.org\/2000\/svg\" xmlns:xlink=\"http:\/\/www.w3.org\/1999\/xlink\" id=\"Calque_1\" x=\"0px\" y=\"0px\" width=\"841.8900146484375\" height=\"595.280029296875\" viewbox=\"0 0 841.89 595.28\" xml:space=\"preserve\"><g>\t<path d=\"M362.905,271.844c5.647-34.067,23.567-64.712,59.13-64.712c34.891,0,52.674,31.305,58.269,64.717l53.673,0.002   c-8.06-62.72-49.786-103.558-110.154-103.558c-57.917,0-104.521,37.04-114.192,103.549L362.905,271.844z\"><\/path>\t<path d=\"M480.168,320.99c-6.519,37.147-27.698,64.708-58.579,64.708c-31.391,0-52.376-27.811-58.697-64.708h-53.697   c8.444,65.547,53.589,103.545,111.055,103.545c49.73,0,103.029-30.649,113.359-103.545H480.168z\"><\/path><\/g><\/svg>\t\t\t<\/div>\n\t\t<\/div>\n\t\t\t\t\t\t<\/div>\n\t\t\t\t<\/div>\n\t\t\t\t\t<\/div>\n\t\t\t\t<\/div>\n\t\t<div class=\"elementor-element elementor-element-90793da e-con-full section-padding e-flex e-con e-parent\" data-id=\"90793da\" data-element_type=\"container\" data-e-type=\"container\">\n\t\t\t\t<div class=\"elementor-element elementor-element-a53a7e1 elementor-absolute elementor-view-default elementor-widget elementor-widget-icon\" data-id=\"a53a7e1\" data-element_type=\"widget\" data-e-type=\"widget\" data-settings=\"{&quot;_position&quot;:&quot;absolute&quot;}\" data-widget_type=\"icon.default\">\n\t\t\t\t<div class=\"elementor-widget-container\">\n\t\t\t\t\t\t\t<div class=\"elementor-icon-wrapper\">\n\t\t\t<div class=\"elementor-icon\">\n\t\t\t<svg xmlns=\"http:\/\/www.w3.org\/2000\/svg\" xmlns:xlink=\"http:\/\/www.w3.org\/1999\/xlink\" id=\"Calque_1\" x=\"0px\" y=\"0px\" width=\"211\" height=\"235\" viewbox=\"0 0 211 235\" xml:space=\"preserve\"><g>\t<path d=\"M194.226,59.891l-36.345,36.343c1.118,6.825,1.652,13.745,1.652,20.427c0,42.492-20.086,77.646-52.538,77.646   c-13.001,0-23.934-5.526-32.409-14.775l-28.451,28.451c16.297,12.985,36.87,19.932,59.703,19.932   c47.903,0,99.664-32.835,99.664-112.412C205.502,94.509,201.528,75.731,194.226,59.891z\"><\/path>\t<path d=\"M56.127,137.847c-1.091-6.531-1.666-13.376-1.666-20.415c0-36.699,14.678-77.646,52.923-77.646   c13.722,0,24.374,5.609,32.381,14.427l28.341-28.34C152.365,13.24,132.26,6.178,108.929,6.178   c-56.4,0-100.437,40.562-100.437,112.413c0,21.368,4.07,40.004,11.332,55.555L56.127,137.847z\"><\/path><\/g><\/svg>\t\t\t<\/div>\n\t\t<\/div>\n\t\t\t\t\t\t<\/div>\n\t\t\t\t<\/div>\n\t\t\t\t<\/div>\n\t\t<div class=\"elementor-element elementor-element-51a68b2 e-flex e-con-boxed e-con e-parent\" data-id=\"51a68b2\" data-element_type=\"container\" data-e-type=\"container\" data-settings=\"{&quot;background_background&quot;:&quot;classic&quot;}\">\n\t\t\t\t\t<div class=\"e-con-inner\">\n\t\t<div class=\"elementor-element elementor-element-1d33bfa e-con-full animated-fast e-flex elementor-invisible e-con e-child\" data-id=\"1d33bfa\" data-element_type=\"container\" data-e-type=\"container\" data-settings=\"{&quot;animation&quot;:&quot;pulse&quot;}\">\n\t\t\t\t<div class=\"elementor-element elementor-element-153e98c elementor-widget elementor-widget-heading\" data-id=\"153e98c\" data-element_type=\"widget\" data-e-type=\"widget\" data-widget_type=\"heading.default\">\n\t\t\t\t<div class=\"elementor-widget-container\">\n\t\t\t\t\t<h2 class=\"elementor-heading-title elementor-size-default\">Our strengths<\/h2>\t\t\t\t<\/div>\n\t\t\t\t<\/div>\n\t\t\t\t<div class=\"elementor-element elementor-element-89522c4 elementor-widget elementor-widget-heading\" data-id=\"89522c4\" data-element_type=\"widget\" data-e-type=\"widget\" data-widget_type=\"heading.default\">\n\t\t\t\t<div class=\"elementor-widget-container\">\n\t\t\t\t\t<h2 class=\"elementor-heading-title elementor-size-default\">Our services<\/h2>\t\t\t\t<\/div>\n\t\t\t\t<\/div>\n\t\t\t\t<div class=\"elementor-element elementor-element-7b3d383 elementor-align-start elementor-icon-list--layout-traditional elementor-list-item-link-full_width elementor-widget elementor-widget-icon-list\" data-id=\"7b3d383\" data-element_type=\"widget\" data-e-type=\"widget\" data-widget_type=\"icon-list.default\">\n\t\t\t\t<div class=\"elementor-widget-container\">\n\t\t\t\t\t\t\t<ul class=\"elementor-icon-list-items\">\n\t\t\t\t\t\t\t<li class=\"elementor-icon-list-item\">\n\t\t\t\t\t\t\t\t\t\t\t<span class=\"elementor-icon-list-icon\">\n\t\t\t\t\t\t\t<svg aria-hidden=\"true\" class=\"e-font-icon-svg e-fas-check\" viewbox=\"0 0 512 512\" xmlns=\"http:\/\/www.w3.org\/2000\/svg\"><path d=\"M173.898 439.404l-166.4-166.4c-9.997-9.997-9.997-26.206 0-36.204l36.203-36.204c9.997-9.998 26.207-9.998 36.204 0L192 312.69 432.095 72.596c9.997-9.997 26.207-9.997 36.204 0l36.203 36.204c9.997 9.997 9.997 26.206 0 36.204l-294.4 294.401c-9.998 9.997-26.207 9.997-36.204-.001z\"><\/path><\/svg>\t\t\t\t\t\t<\/span>\n\t\t\t\t\t\t\t\t\t\t<span class=\"elementor-icon-list-text\">Design, deployment and maintenance of fibre optic networks<\/span>\n\t\t\t\t\t\t\t\t\t<\/li>\n\t\t\t\t\t\t\t\t<li class=\"elementor-icon-list-item\">\n\t\t\t\t\t\t\t\t\t\t\t<span class=\"elementor-icon-list-icon\">\n\t\t\t\t\t\t\t<svg aria-hidden=\"true\" class=\"e-font-icon-svg e-fas-check\" viewbox=\"0 0 512 512\" xmlns=\"http:\/\/www.w3.org\/2000\/svg\"><path d=\"M173.898 439.404l-166.4-166.4c-9.997-9.997-9.997-26.206 0-36.204l36.203-36.204c9.997-9.998 26.207-9.998 36.204 0L192 312.69 432.095 72.596c9.997-9.997 26.207-9.997 36.204 0l36.203 36.204c9.997 9.997 9.997 26.206 0 36.204l-294.4 294.401c-9.998 9.997-26.207 9.997-36.204-.001z\"><\/path><\/svg>\t\t\t\t\t\t<\/span>\n\t\t\t\t\t\t\t\t\t\t<span class=\"elementor-icon-list-text\">Connection, wiring and commissioning according to international standards<\/span>\n\t\t\t\t\t\t\t\t\t<\/li>\n\t\t\t\t\t\t\t\t<li class=\"elementor-icon-list-item\">\n\t\t\t\t\t\t\t\t\t\t\t<span class=\"elementor-icon-list-icon\">\n\t\t\t\t\t\t\t<svg aria-hidden=\"true\" class=\"e-font-icon-svg e-fas-check\" viewbox=\"0 0 512 512\" xmlns=\"http:\/\/www.w3.org\/2000\/svg\"><path d=\"M173.898 439.404l-166.4-166.4c-9.997-9.997-9.997-26.206 0-36.204l36.203-36.204c9.997-9.998 26.207-9.998 36.204 0L192 312.69 432.095 72.596c9.997-9.997 26.207-9.997 36.204 0l36.203 36.204c9.997 9.997 9.997 26.206 0 36.204l-294.4 294.401c-9.998 9.997-26.207 9.997-36.204-.001z\"><\/path><\/svg>\t\t\t\t\t\t<\/span>\n\t\t\t\t\t\t\t\t\t\t<span class=\"elementor-icon-list-text\">Solutions adapted to local constraints<\/span>\n\t\t\t\t\t\t\t\t\t<\/li>\n\t\t\t\t\t\t<\/ul>\n\t\t\t\t\t\t<\/div>\n\t\t\t\t<\/div>\n\t\t\t\t<div class=\"elementor-element elementor-element-1833b87 elementor-widget elementor-widget-text-editor\" data-id=\"1833b87\" data-element_type=\"widget\" data-e-type=\"widget\" data-widget_type=\"text-editor.default\">\n\t\t\t\t<div class=\"elementor-widget-container\">\n\t\t\t\t\t\t\t\t\t<p><span style=\"font-weight: 400;\">Investing in fiber optics means preparing your company's future with a reliable and efficient infrastructure.<\/span><\/p><p><span style=\"font-weight: 400;\">Contact us for a technical study and a customized quote.<\/span><\/p>\t\t\t\t\t\t\t\t<\/div>\n\t\t\t\t<\/div>\n\t\t\t\t<\/div>\n\t\t<div class=\"elementor-element elementor-element-54016c3 e-con-full e-flex e-con e-child\" data-id=\"54016c3\" data-element_type=\"container\" data-e-type=\"container\">\n\t\t\t\t<div class=\"elementor-element elementor-element-fc8b1eb elementor-widget elementor-widget-image\" data-id=\"fc8b1eb\" data-element_type=\"widget\" data-e-type=\"widget\" data-widget_type=\"image.default\">\n\t\t\t\t<div class=\"elementor-widget-container\">\n\t\t\t\t\t\t\t\t\t\t\t\t\t\t\t<img decoding=\"async\" width=\"1000\" height=\"1000\" src=\"https:\/\/solutions-dz.com\/wp-content\/uploads\/2025\/07\/Fiber-Optik-Dis-Ortam-Kabini-CAN-FDT-10X-01.webp\" class=\"elementor-animation-float attachment-full size-full wp-image-3451\" alt=\"\" srcset=\"https:\/\/solutions-dz.com\/wp-content\/uploads\/2025\/07\/Fiber-Optik-Dis-Ortam-Kabini-CAN-FDT-10X-01.webp 1000w, https:\/\/solutions-dz.com\/wp-content\/uploads\/2025\/07\/Fiber-Optik-Dis-Ortam-Kabini-CAN-FDT-10X-01-300x300.webp 300w, https:\/\/solutions-dz.com\/wp-content\/uploads\/2025\/07\/Fiber-Optik-Dis-Ortam-Kabini-CAN-FDT-10X-01-150x150.webp 150w, https:\/\/solutions-dz.com\/wp-content\/uploads\/2025\/07\/Fiber-Optik-Dis-Ortam-Kabini-CAN-FDT-10X-01-768x768.webp 768w, https:\/\/solutions-dz.com\/wp-content\/uploads\/2025\/07\/Fiber-Optik-Dis-Ortam-Kabini-CAN-FDT-10X-01-80x80.webp 80w, https:\/\/solutions-dz.com\/wp-content\/uploads\/2025\/07\/Fiber-Optik-Dis-Ortam-Kabini-CAN-FDT-10X-01-12x12.webp 12w\" sizes=\"(max-width: 1000px) 100vw, 1000px\" \/>\t\t\t\t\t\t\t\t\t\t\t\t\t\t\t<\/div>\n\t\t\t\t<\/div>\n\t\t\t\t<\/div>\n\t\t\t\t\t<\/div>\n\t\t\t\t<\/div>\n\t\t<div class=\"elementor-element elementor-element-fa0e89f e-con-full e-flex e-con e-parent\" data-id=\"fa0e89f\" data-element_type=\"container\" data-e-type=\"container\">\n\t\t<div class=\"elementor-element elementor-element-6b380b1 e-con-full e-flex e-con e-child\" data-id=\"6b380b1\" data-element_type=\"container\" data-e-type=\"container\">\n\t\t<div class=\"elementor-element elementor-element-9039a35 e-con-full e-flex e-con e-child\" data-id=\"9039a35\" data-element_type=\"container\" data-e-type=\"container\">\n\t\t\t\t<div class=\"elementor-element elementor-element-541ad75 elementor-widget elementor-widget-daltech_call_to_action\" data-id=\"541ad75\" data-element_type=\"widget\" data-e-type=\"widget\" data-widget_type=\"daltech_call_to_action.default\">\n\t\t\t\t<div class=\"elementor-widget-container\">\n\t\t\t\t\t\r\n            <!--<< Cta Banner Section Start >>-->\r\n            <section class=\"cta-banner-section bg-cover section-padding\" style=\"background-image: url(https:\/\/solutions-dz.com\/wp-content\/uploads\/2025\/07\/2aa9163a-17e8-4856-ba40-3634d43a34da.png);\">\r\n                <div class=\"container\">\r\n                    <div class=\"cta-banner-wrapper section-padding pt-0\">\r\n                        <div class=\"section-title mb-0\">\r\n                            <span class=\"text-white wow fadeInUp\">\r\n                                +800 projects completed in Algeria                            <\/span>\r\n                            <h2 class=\"text-white wow fadeInUp\" data-wow-delay=\".3s\">\r\n                                Contact us for a quote<br> for your network and IT installations                             <\/h2>\r\n                        <\/div>\r\n                                                    <a href=\"https:\/\/solutions-dz.com\/en\/contact\/\" class=\"theme-btn hover-white wow fadeInUp\" data-wow-delay=\".5s\">\r\n                                <span>\r\n                                    Request a quote                                    <i class=\"fas fa-chevron-right\"><\/i>\r\n                                <\/span>\r\n                            <\/a>\r\n                                            <\/div>\r\n                <\/div>\r\n            <\/section>\r\n            <!-- End CallToActions style one -->\r\n\r\n        \t\t\t\t<\/div>\n\t\t\t\t<\/div>\n\t\t\t\t<\/div>\n\t\t\t\t<\/div>\n\t\t\t\t<\/div>\n\t\t\t\t<\/div>","protected":false},"excerpt":{"rendered":"<p>Fibre optique Installation Fibre optique La fibre optique est la technologie incontournable pour une connexion internet ultra-rapide, stable et s\u00e9curis\u00e9e en Alg\u00e9rie. id\u00e9ale pour entreprises, centres de donn\u00e9es et infrastructures critiques. Nos points forts Nos prestations Conception, d\u00e9ploiement et maintenance de r\u00e9seaux fibre optique Raccordement, c\u00e2blage et mise en service selon normes internationales Solutions adapt\u00e9es&#8230;<\/p>","protected":false},"author":1,"featured_media":0,"parent":0,"menu_order":0,"comment_status":"closed","ping_status":"closed","template":"elementor_header_footer","meta":{"_sitemap_exclude":false,"_sitemap_priority":"","_sitemap_frequency":"","_themeisle_gutenberg_block_has_review":false,"footnotes":""},"class_list":["post-3198","page","type-page","status-publish","hentry"],"_links":{"self":[{"href":"https:\/\/solutions-dz.com\/en\/wp-json\/wp\/v2\/pages\/3198","targetHints":{"allow":["GET"]}}],"collection":[{"href":"https:\/\/solutions-dz.com\/en\/wp-json\/wp\/v2\/pages"}],"about":[{"href":"https:\/\/solutions-dz.com\/en\/wp-json\/wp\/v2\/types\/page"}],"author":[{"embeddable":true,"href":"https:\/\/solutions-dz.com\/en\/wp-json\/wp\/v2\/users\/1"}],"replies":[{"embeddable":true,"href":"https:\/\/solutions-dz.com\/en\/wp-json\/wp\/v2\/comments?post=3198"}],"version-history":[{"count":52,"href":"https:\/\/solutions-dz.com\/en\/wp-json\/wp\/v2\/pages\/3198\/revisions"}],"predecessor-version":[{"id":4401,"href":"https:\/\/solutions-dz.com\/en\/wp-json\/wp\/v2\/pages\/3198\/revisions\/4401"}],"wp:attachment":[{"href":"https:\/\/solutions-dz.com\/en\/wp-json\/wp\/v2\/media?parent=3198"}],"curies":[{"name":"wp","href":"https:\/\/api.w.org\/{rel}","templated":true}]}}