{"id":2600,"date":"2025-06-05T10:26:09","date_gmt":"2025-06-05T10:26:09","guid":{"rendered":"https:\/\/solutions-dz.com\/?page_id=2600"},"modified":"2025-07-16T14:50:23","modified_gmt":"2025-07-16T14:50:23","slug":"voip","status":"publish","type":"page","link":"https:\/\/solutions-dz.com\/en\/voip\/","title":{"rendered":"VoIP"},"content":{"rendered":"<div data-elementor-type=\"wp-page\" data-elementor-id=\"2600\" class=\"elementor elementor-2600\">\n\t\t\t\t<div class=\"elementor-element elementor-element-553f03d e-flex e-con-boxed e-con e-parent\" data-id=\"553f03d\" data-element_type=\"container\" data-e-type=\"container\" data-settings=\"{&quot;background_background&quot;:&quot;classic&quot;}\">\n\t\t\t\t\t<div class=\"e-con-inner\">\n\t\t\t\t<div class=\"elementor-element elementor-element-f582586 elementor-widget elementor-widget-heading\" data-id=\"f582586\" data-element_type=\"widget\" data-e-type=\"widget\" data-widget_type=\"heading.default\">\n\t\t\t\t<div class=\"elementor-widget-container\">\n\t\t\t\t\t<h2 class=\"elementor-heading-title elementor-size-default\">VoIP &amp; IP Telephony<\/h2>\t\t\t\t<\/div>\n\t\t\t\t<\/div>\n\t\t\t\t\t<\/div>\n\t\t\t\t<\/div>\n\t\t<div class=\"elementor-element elementor-element-bf2c8e6 e-flex e-con-boxed e-con e-parent\" data-id=\"bf2c8e6\" data-element_type=\"container\" data-e-type=\"container\">\n\t\t\t\t\t<div class=\"e-con-inner\">\n\t\t\t\t<div class=\"elementor-element elementor-element-fa99ee5 elementor-widget elementor-widget-elementskit-heading\" data-id=\"fa99ee5\" data-element_type=\"widget\" data-e-type=\"widget\" data-widget_type=\"elementskit-heading.default\">\n\t\t\t\t<div class=\"elementor-widget-container\">\n\t\t\t\t\t<div class=\"ekit-wid-con\" ><div class=\"ekit-heading elementskit-section-title-wraper text_left   ekit_heading_tablet-   ekit_heading_mobile-text_center\"><h2 class=\"ekit-heading--title elementskit-section-title\">Solution <span><span>VoIP<\/span><\/span><\/h2><\/div><\/div>\t\t\t\t<\/div>\n\t\t\t\t<\/div>\n\t\t\t\t<div class=\"elementor-element elementor-element-a73de2e elementor-absolute elementor-view-default elementor-widget elementor-widget-icon\" data-id=\"a73de2e\" data-element_type=\"widget\" data-e-type=\"widget\" data-settings=\"{&quot;_position&quot;:&quot;absolute&quot;}\" data-widget_type=\"icon.default\">\n\t\t\t\t<div class=\"elementor-widget-container\">\n\t\t\t\t\t\t\t<div class=\"elementor-icon-wrapper\">\n\t\t\t<div class=\"elementor-icon\">\n\t\t\t<svg xmlns=\"http:\/\/www.w3.org\/2000\/svg\" xmlns:xlink=\"http:\/\/www.w3.org\/1999\/xlink\" id=\"Calque_1\" x=\"0px\" y=\"0px\" width=\"841.8900146484375\" height=\"595.280029296875\" viewbox=\"0 0 841.89 595.28\" xml:space=\"preserve\"><g>\t<path d=\"M362.905,271.844c5.647-34.067,23.567-64.712,59.13-64.712c34.891,0,52.674,31.305,58.269,64.717l53.673,0.002   c-8.06-62.72-49.786-103.558-110.154-103.558c-57.917,0-104.521,37.04-114.192,103.549L362.905,271.844z\"><\/path>\t<path d=\"M480.168,320.99c-6.519,37.147-27.698,64.708-58.579,64.708c-31.391,0-52.376-27.811-58.697-64.708h-53.697   c8.444,65.547,53.589,103.545,111.055,103.545c49.73,0,103.029-30.649,113.359-103.545H480.168z\"><\/path><\/g><\/svg>\t\t\t<\/div>\n\t\t<\/div>\n\t\t\t\t\t\t<\/div>\n\t\t\t\t<\/div>\n\t\t\t\t<div class=\"elementor-element elementor-element-b89b4f6 elementor-widget__width-initial elementor-widget elementor-widget-text-editor\" data-id=\"b89b4f6\" data-element_type=\"widget\" data-e-type=\"widget\" data-widget_type=\"text-editor.default\">\n\t\t\t\t<div class=\"elementor-widget-container\">\n\t\t\t\t\t\t\t\t\t<p><span style=\"font-weight: 400;\">The <strong>voip<\/strong> (Voice over Internet Protocol) is an essential solution for businesses in <strong>Algeria<\/strong> who wish to modernize their communications while reducing their costs, thanks to the transmission of <strong>voice via internet<\/strong>, VoIP offers clear and stable call quality, with advanced features such as <em>voicemail<\/em>, le <em>call transfer<\/em>, the multi-person conference and the <strong>centralized management<\/strong> of communications.<\/span><\/p>\t\t\t\t\t\t\t\t<\/div>\n\t\t\t\t<\/div>\n\t\t\t\t\t<\/div>\n\t\t\t\t<\/div>\n\t\t<div class=\"elementor-element elementor-element-90793da e-con-full section-padding e-flex e-con e-parent\" data-id=\"90793da\" data-element_type=\"container\" data-e-type=\"container\">\n\t\t\t\t<div class=\"elementor-element elementor-element-520c33f e-transform elementor-invisible elementor-widget elementor-widget-daltech_project\" data-id=\"520c33f\" data-element_type=\"widget\" data-e-type=\"widget\" data-settings=\"{&quot;_animation&quot;:&quot;fadeIn&quot;,&quot;_transform_scale_effect_hover&quot;:{&quot;unit&quot;:&quot;px&quot;,&quot;size&quot;:0.9,&quot;sizes&quot;:[]},&quot;_transform_scale_effect_hover_tablet&quot;:{&quot;unit&quot;:&quot;px&quot;,&quot;size&quot;:&quot;&quot;,&quot;sizes&quot;:[]},&quot;_transform_scale_effect_hover_mobile&quot;:{&quot;unit&quot;:&quot;px&quot;,&quot;size&quot;:&quot;&quot;,&quot;sizes&quot;:[]}}\" data-widget_type=\"daltech_project.default\">\n\t\t\t\t<div class=\"elementor-widget-container\">\n\t\t\t\t\t\r\n            <!-- End  Project Style Five -->\r\n            <div class=\"project-details-wrapper fix section-padding pt-0\">\r\n                <div class=\"container\">\r\n                    <div class=\"project-details-image mt-0\">\r\n                        <div class=\"row g-4\">\r\n                            <div class=\"col-lg-4\">\r\n                                <div class=\"details-image\">\r\n                                    <img decoding=\"async\" src=\"https:\/\/solutions-dz.com\/wp-content\/uploads\/2025\/07\/image-5.webp\" alt=\"Solutions%20IT%20Alg\u00e9rie\"  \/>                                <\/div>\r\n                            <\/div>\r\n                            <div class=\"col-lg-8\">\r\n                                <div class=\"details-image\">\r\n                                    <img decoding=\"async\" src=\"https:\/\/solutions-dz.com\/wp-content\/uploads\/2025\/07\/dialing-a-telephone-in-the-office-PZTB767.webp\" alt=\"Solutions%20IT%20Alg\u00e9rie\"  \/>                                <\/div>\r\n                            <\/div>\r\n                        <\/div>\r\n                    <\/div>\r\n                <\/div>\r\n            <\/div>\r\n            <!-- End  Project Style Five -->\r\n\r\n\t\t\t\t<\/div>\n\t\t\t\t<\/div>\n\t\t\t\t<\/div>\n\t\t<div class=\"elementor-element elementor-element-51a68b2 e-flex e-con-boxed e-con e-parent\" data-id=\"51a68b2\" data-element_type=\"container\" data-e-type=\"container\" data-settings=\"{&quot;background_background&quot;:&quot;classic&quot;}\">\n\t\t\t\t\t<div class=\"e-con-inner\">\n\t\t<div class=\"elementor-element elementor-element-1d33bfa e-con-full animated-fast e-flex elementor-invisible e-con e-child\" data-id=\"1d33bfa\" data-element_type=\"container\" data-e-type=\"container\" data-settings=\"{&quot;animation&quot;:&quot;pulse&quot;}\">\n\t\t\t\t<div class=\"elementor-element elementor-element-153e98c elementor-widget elementor-widget-heading\" data-id=\"153e98c\" data-element_type=\"widget\" data-e-type=\"widget\" data-widget_type=\"heading.default\">\n\t\t\t\t<div class=\"elementor-widget-container\">\n\t\t\t\t\t<h2 class=\"elementor-heading-title elementor-size-default\">Our strengths<\/h2>\t\t\t\t<\/div>\n\t\t\t\t<\/div>\n\t\t\t\t<div class=\"elementor-element elementor-element-89522c4 elementor-widget elementor-widget-heading\" data-id=\"89522c4\" data-element_type=\"widget\" data-e-type=\"widget\" data-widget_type=\"heading.default\">\n\t\t\t\t<div class=\"elementor-widget-container\">\n\t\t\t\t\t<h2 class=\"elementor-heading-title elementor-size-default\">Why work with IT Solutions?<\/h2>\t\t\t\t<\/div>\n\t\t\t\t<\/div>\n\t\t\t\t<div class=\"elementor-element elementor-element-1833b87 elementor-widget elementor-widget-text-editor\" data-id=\"1833b87\" data-element_type=\"widget\" data-e-type=\"widget\" data-widget_type=\"text-editor.default\">\n\t\t\t\t<div class=\"elementor-widget-container\">\n\t\t\t\t\t\t\t\t\t<p class=\"mt-4 mt-md-0 wow fadeInUp\" data-wow-delay=\".5s\" style=\"visibility: visible; animation-delay: 0.5s; animation-name: fadeInUp;\">The <b>voip <\/b>also facilitates the <b>mobility <\/b>and the <b>telework<\/b>, these are two major challenges for modern businesses. We support you in the selection, installation, and configuration to guarantee a <b>communication <\/b>professional <b>effective<\/b>.<\/p>\t\t\t\t\t\t\t\t<\/div>\n\t\t\t\t<\/div>\n\t\t\t\t<div class=\"elementor-element elementor-element-7b3d383 elementor-align-start elementor-icon-list--layout-traditional elementor-list-item-link-full_width elementor-widget elementor-widget-icon-list\" data-id=\"7b3d383\" data-element_type=\"widget\" data-e-type=\"widget\" data-widget_type=\"icon-list.default\">\n\t\t\t\t<div class=\"elementor-widget-container\">\n\t\t\t\t\t\t\t<ul class=\"elementor-icon-list-items\">\n\t\t\t\t\t\t\t<li class=\"elementor-icon-list-item\">\n\t\t\t\t\t\t\t\t\t\t\t<span class=\"elementor-icon-list-icon\">\n\t\t\t\t\t\t\t<svg aria-hidden=\"true\" class=\"e-font-icon-svg e-fas-check\" viewbox=\"0 0 512 512\" xmlns=\"http:\/\/www.w3.org\/2000\/svg\"><path d=\"M173.898 439.404l-166.4-166.4c-9.997-9.997-9.997-26.206 0-36.204l36.203-36.204c9.997-9.998 26.207-9.998 36.204 0L192 312.69 432.095 72.596c9.997-9.997 26.207-9.997 36.204 0l36.203 36.204c9.997 9.997 9.997 26.206 0 36.204l-294.4 294.401c-9.998 9.997-26.207 9.997-36.204-.001z\"><\/path><\/svg>\t\t\t\t\t\t<\/span>\n\t\t\t\t\t\t\t\t\t\t<span class=\"elementor-icon-list-text\"> Solutions tailored to small, medium and large businesses<\/span>\n\t\t\t\t\t\t\t\t\t<\/li>\n\t\t\t\t\t\t\t\t<li class=\"elementor-icon-list-item\">\n\t\t\t\t\t\t\t\t\t\t\t<span class=\"elementor-icon-list-icon\">\n\t\t\t\t\t\t\t<svg aria-hidden=\"true\" class=\"e-font-icon-svg e-fas-check\" viewbox=\"0 0 512 512\" xmlns=\"http:\/\/www.w3.org\/2000\/svg\"><path d=\"M173.898 439.404l-166.4-166.4c-9.997-9.997-9.997-26.206 0-36.204l36.203-36.204c9.997-9.998 26.207-9.998 36.204 0L192 312.69 432.095 72.596c9.997-9.997 26.207-9.997 36.204 0l36.203 36.204c9.997 9.997 9.997 26.206 0 36.204l-294.4 294.401c-9.998 9.997-26.207 9.997-36.204-.001z\"><\/path><\/svg>\t\t\t\t\t\t<\/span>\n\t\t\t\t\t\t\t\t\t\t<span class=\"elementor-icon-list-text\">Quick installation and expert maintenance<\/span>\n\t\t\t\t\t\t\t\t\t<\/li>\n\t\t\t\t\t\t\t\t<li class=\"elementor-icon-list-item\">\n\t\t\t\t\t\t\t\t\t\t\t<span class=\"elementor-icon-list-icon\">\n\t\t\t\t\t\t\t<svg aria-hidden=\"true\" class=\"e-font-icon-svg e-fas-check\" viewbox=\"0 0 512 512\" xmlns=\"http:\/\/www.w3.org\/2000\/svg\"><path d=\"M173.898 439.404l-166.4-166.4c-9.997-9.997-9.997-26.206 0-36.204l36.203-36.204c9.997-9.998 26.207-9.998 36.204 0L192 312.69 432.095 72.596c9.997-9.997 26.207-9.997 36.204 0l36.203 36.204c9.997 9.997 9.997 26.206 0 36.204l-294.4 294.401c-9.998 9.997-26.207 9.997-36.204-.001z\"><\/path><\/svg>\t\t\t\t\t\t<\/span>\n\t\t\t\t\t\t\t\t\t\t<span class=\"elementor-icon-list-text\">Flexible use on smartphone, computer or landline<\/span>\n\t\t\t\t\t\t\t\t\t<\/li>\n\t\t\t\t\t\t\t\t<li class=\"elementor-icon-list-item\">\n\t\t\t\t\t\t\t\t\t\t\t<span class=\"elementor-icon-list-icon\">\n\t\t\t\t\t\t\t<svg aria-hidden=\"true\" class=\"e-font-icon-svg e-fas-check\" viewbox=\"0 0 512 512\" xmlns=\"http:\/\/www.w3.org\/2000\/svg\"><path d=\"M173.898 439.404l-166.4-166.4c-9.997-9.997-9.997-26.206 0-36.204l36.203-36.204c9.997-9.998 26.207-9.998 36.204 0L192 312.69 432.095 72.596c9.997-9.997 26.207-9.997 36.204 0l36.203 36.204c9.997 9.997 9.997 26.206 0 36.204l-294.4 294.401c-9.998 9.997-26.207 9.997-36.204-.001z\"><\/path><\/svg>\t\t\t\t\t\t<\/span>\n\t\t\t\t\t\t\t\t\t\t<span class=\"elementor-icon-list-text\">Significant savings on calls, especially international ones<\/span>\n\t\t\t\t\t\t\t\t\t<\/li>\n\t\t\t\t\t\t\t\t<li class=\"elementor-icon-list-item\">\n\t\t\t\t\t\t\t\t\t\t\t<span class=\"elementor-icon-list-icon\">\n\t\t\t\t\t\t\t<svg aria-hidden=\"true\" class=\"e-font-icon-svg e-fas-check\" viewbox=\"0 0 512 512\" xmlns=\"http:\/\/www.w3.org\/2000\/svg\"><path d=\"M173.898 439.404l-166.4-166.4c-9.997-9.997-9.997-26.206 0-36.204l36.203-36.204c9.997-9.998 26.207-9.998 36.204 0L192 312.69 432.095 72.596c9.997-9.997 26.207-9.997 36.204 0l36.203 36.204c9.997 9.997 9.997 26.206 0 36.204l-294.4 294.401c-9.998 9.997-26.207 9.997-36.204-.001z\"><\/path><\/svg>\t\t\t\t\t\t<\/span>\n\t\t\t\t\t\t\t\t\t\t<span class=\"elementor-icon-list-text\">Enhanced security thanks to encryption protocols<\/span>\n\t\t\t\t\t\t\t\t\t<\/li>\n\t\t\t\t\t\t<\/ul>\n\t\t\t\t\t\t<\/div>\n\t\t\t\t<\/div>\n\t\t\t\t<div class=\"elementor-element elementor-element-945161d elementor-widget elementor-widget-text-editor\" data-id=\"945161d\" data-element_type=\"widget\" data-e-type=\"widget\" data-widget_type=\"text-editor.default\">\n\t\t\t\t<div class=\"elementor-widget-container\">\n\t\t\t\t\t\t\t\t\t<p class=\"mt-4 mt-md-0 wow fadeInUp\" data-wow-delay=\".5s\" style=\"visibility: visible; animation-delay: 0.5s; animation-name: fadeInUp;\"><a href=\"https:\/\/solutions-dz.com\/en\/contact\/\" target=\"_blank\" rel=\"noopener\" style=\"color: rgb(34, 34, 34); transition-property: all; font-family: Inter, sans-serif; font-size: 16px;\"><span style=\"font-weight: 700;\">Contact Us<\/span><\/a><span style=\"font-family: Inter, sans-serif; font-size: 16px;\">&nbsp;<\/span><span style=\"font-weight: 700; font-family: Inter, sans-serif; font-size: 16px;\">for a personalized study and a quote tailored to your needs.<\/span><\/p>\t\t\t\t\t\t\t\t<\/div>\n\t\t\t\t<\/div>\n\t\t\t\t<\/div>\n\t\t<div class=\"elementor-element elementor-element-54016c3 e-con-full e-flex e-con e-child\" data-id=\"54016c3\" data-element_type=\"container\" data-e-type=\"container\">\n\t\t\t\t<div class=\"elementor-element elementor-element-fc8b1eb elementor-widget elementor-widget-image\" data-id=\"fc8b1eb\" data-element_type=\"widget\" data-e-type=\"widget\" data-widget_type=\"image.default\">\n\t\t\t\t<div class=\"elementor-widget-container\">\n\t\t\t\t\t\t\t\t\t\t\t\t\t\t\t<img fetchpriority=\"high\" decoding=\"async\" width=\"1333\" height=\"860\" src=\"https:\/\/solutions-dz.com\/wp-content\/uploads\/2025\/06\/image_2023-05-16_103627213.webp\" class=\"attachment-full size-full wp-image-2714\" alt=\"\" srcset=\"https:\/\/solutions-dz.com\/wp-content\/uploads\/2025\/06\/image_2023-05-16_103627213.webp 1333w, https:\/\/solutions-dz.com\/wp-content\/uploads\/2025\/06\/image_2023-05-16_103627213-300x194.webp 300w, https:\/\/solutions-dz.com\/wp-content\/uploads\/2025\/06\/image_2023-05-16_103627213-1024x661.webp 1024w, https:\/\/solutions-dz.com\/wp-content\/uploads\/2025\/06\/image_2023-05-16_103627213-768x495.webp 768w, https:\/\/solutions-dz.com\/wp-content\/uploads\/2025\/06\/image_2023-05-16_103627213-18x12.webp 18w\" sizes=\"(max-width: 1333px) 100vw, 1333px\" \/>\t\t\t\t\t\t\t\t\t\t\t\t\t\t\t<\/div>\n\t\t\t\t<\/div>\n\t\t\t\t<\/div>\n\t\t\t\t\t<\/div>\n\t\t\t\t<\/div>\n\t\t<div class=\"elementor-element elementor-element-fa0e89f e-con-full e-flex e-con e-parent\" data-id=\"fa0e89f\" data-element_type=\"container\" data-e-type=\"container\">\n\t\t<div class=\"elementor-element elementor-element-60b3977 e-con-full e-flex e-con e-child\" data-id=\"60b3977\" data-element_type=\"container\" data-e-type=\"container\">\n\t\t\t\t<div class=\"elementor-element elementor-element-dc5c201 elementor-widget elementor-widget-daltech_call_to_action\" data-id=\"dc5c201\" data-element_type=\"widget\" data-e-type=\"widget\" data-widget_type=\"daltech_call_to_action.default\">\n\t\t\t\t<div class=\"elementor-widget-container\">\n\t\t\t\t\t\r\n            <!--<< Cta Banner Section Start >>-->\r\n            <section class=\"cta-banner-section bg-cover section-padding\" style=\"background-image: url(https:\/\/solutions-dz.com\/wp-content\/uploads\/2025\/07\/2aa9163a-17e8-4856-ba40-3634d43a34da.png);\">\r\n                <div class=\"container\">\r\n                    <div class=\"cta-banner-wrapper section-padding pt-0\">\r\n                        <div class=\"section-title mb-0\">\r\n                            <span class=\"text-white wow fadeInUp\">\r\n                                +800 projects completed in Algeria                            <\/span>\r\n                            <h2 class=\"text-white wow fadeInUp\" data-wow-delay=\".3s\">\r\n                                Contact us for a quote<br> for your network and IT installations                             <\/h2>\r\n                        <\/div>\r\n                                                    <a href=\"https:\/\/solutions-dz.com\/en\/contact\/\" class=\"theme-btn hover-white wow fadeInUp\" data-wow-delay=\".5s\">\r\n                                <span>\r\n                                    Request a quote                                    <i class=\"fas fa-chevron-right\"><\/i>\r\n                                <\/span>\r\n                            <\/a>\r\n                                            <\/div>\r\n                <\/div>\r\n            <\/section>\r\n            <!-- End CallToActions style one -->\r\n\r\n        \t\t\t\t<\/div>\n\t\t\t\t<\/div>\n\t\t\t\t<\/div>\n\t\t\t\t<\/div>\n\t\t\t\t<\/div>","protected":false},"excerpt":{"rendered":"<p>VoIP \/ T\u00e9l\u00e9phonie IP Solution VoIP La voip (voice over internet protocol) est une solution incontournable pour les entreprises en Alg\u00e9rie qui souhaitent moderniser leurs communications tout en r\u00e9duisant leurs co\u00fbts. gr\u00e2ce \u00e0 la transmission de la voix via internet, la voip offre une qualit\u00e9 d\u2019appel claire et stable, avec des fonctionnalit\u00e9s avanc\u00e9es comme la&#8230;<\/p>","protected":false},"author":1,"featured_media":0,"parent":0,"menu_order":0,"comment_status":"closed","ping_status":"closed","template":"elementor_header_footer","meta":{"_sitemap_exclude":false,"_sitemap_priority":"","_sitemap_frequency":"","_themeisle_gutenberg_block_has_review":false,"footnotes":""},"class_list":["post-2600","page","type-page","status-publish","hentry"],"_links":{"self":[{"href":"https:\/\/solutions-dz.com\/en\/wp-json\/wp\/v2\/pages\/2600","targetHints":{"allow":["GET"]}}],"collection":[{"href":"https:\/\/solutions-dz.com\/en\/wp-json\/wp\/v2\/pages"}],"about":[{"href":"https:\/\/solutions-dz.com\/en\/wp-json\/wp\/v2\/types\/page"}],"author":[{"embeddable":true,"href":"https:\/\/solutions-dz.com\/en\/wp-json\/wp\/v2\/users\/1"}],"replies":[{"embeddable":true,"href":"https:\/\/solutions-dz.com\/en\/wp-json\/wp\/v2\/comments?post=2600"}],"version-history":[{"count":218,"href":"https:\/\/solutions-dz.com\/en\/wp-json\/wp\/v2\/pages\/2600\/revisions"}],"predecessor-version":[{"id":4230,"href":"https:\/\/solutions-dz.com\/en\/wp-json\/wp\/v2\/pages\/2600\/revisions\/4230"}],"wp:attachment":[{"href":"https:\/\/solutions-dz.com\/en\/wp-json\/wp\/v2\/media?parent=2600"}],"curies":[{"name":"wp","href":"https:\/\/api.w.org\/{rel}","templated":true}]}}