{"id":1696,"date":"2025-05-29T10:18:52","date_gmt":"2025-05-29T10:18:52","guid":{"rendered":"https:\/\/solutions-dz.com\/?page_id=1696"},"modified":"2025-07-09T12:37:34","modified_gmt":"2025-07-09T12:37:34","slug":"competences","status":"publish","type":"page","link":"https:\/\/solutions-dz.com\/en\/competences\/","title":{"rendered":"Skills"},"content":{"rendered":"<div data-elementor-type=\"wp-page\" data-elementor-id=\"1696\" class=\"elementor elementor-1696\">\n\t\t\t\t<div class=\"elementor-element elementor-element-679bc29 e-con-full e-flex e-con e-parent\" data-id=\"679bc29\" data-element_type=\"container\" data-e-type=\"container\">\n\t\t\t\t<div class=\"elementor-element elementor-element-fb8c407 elementor-widget elementor-widget-daltech_service\" data-id=\"fb8c407\" data-element_type=\"widget\" data-e-type=\"widget\" data-widget_type=\"daltech_service.default\">\n\t\t\t\t<div class=\"elementor-widget-container\">\n\t\t\t\t\t\r\n\t\t\t<!--<< Service Section Three Start >>-->\r\n\t\t\t<section class=\"service-section fix section-padding section-bg-2\">\r\n\t\t\t\t<div class=\"left-shape\">\r\n\t\t\t\t\t<img decoding=\"async\" src=\"https:\/\/modinatheme.com\/daltech\/wp-content\/uploads\/2024\/05\/left-shape.png\" alt=\"Solutions%20IT%20Alg\u00e9rie\"  \/>\t\t\t\t<\/div>\r\n\t\t\t\t<div class=\"right-shape\">\r\n\t\t\t\t\t<img decoding=\"async\" src=\"https:\/\/modinatheme.com\/daltech\/wp-content\/uploads\/2024\/05\/right-shape-1.png\" alt=\"Solutions%20IT%20Alg\u00e9rie\"  \/>\t\t\t\t<\/div>\r\n\t\t\t\t<div class=\"line-shape-2\">\r\n\t\t\t\t\t<img decoding=\"async\" src=\"https:\/\/modinatheme.com\/daltech\/wp-content\/uploads\/2024\/05\/line-shape-2.png\" alt=\"Solutions%20IT%20Alg\u00e9rie\"  \/>\t\t\t\t<\/div>\r\n\t\t\t\t<div class=\"container\">\r\n\t\t\t\t\t<div class=\"service-wrapper-2\">\r\n\t\t\t\t\t\t<div class=\"row justify-content-between\">\r\n\t\t\t\t\t\t\t<div class=\"col-lg-4\">\r\n\t\t\t\t\t\t\t\t<div class=\"service-content\">\r\n\t\t\t\t\t\t\t\t\t<div class=\"section-title\">\r\n\t\t\t\t\t\t\t\t\t\t<span class=\"wow fadeInUp\">\r\n\t\t\t\t\t\t\t\t\t\t\tDiff\u00e9rents types de solutions\t\t\t\t\t\t\t\t\t\t<\/span>\r\n\t\t\t\t\t\t\t\t\t\t<h2 class=\"wow fadeInUp\" data-wow-delay=\".3s\">\r\n\t\t\t\t\t\t\t\t\t\t\t Our Skills \t\t\t\t\t\t\t\t\t\t<\/h2>\r\n\t\t\t\t\t\t\t\t\t<\/div>\r\n\t\t\t\t\t\t\t\t\t<p class=\"mt-4 mt-md-0 wow fadeInUp\" data-wow-delay=\".5s\">\r\n\t\t\t\t\t\t\t\t\t\t\t\t\t\t\t\t\t\t\t<\/p>\r\n\t\t\t\t\t\t\t\t\t\t\t\t\t\t\t\t\t<\/div>\r\n\t\t\t\t\t\t\t<\/div>\r\n\t\t\t\t\t\t\t<div class=\"col-lg-7 mt-5 mt-lg-0\">\r\n\t\t\t\t\t\t\t\t<div class=\"row g-4\">\r\n\t\t\t\t\t\t\t\t\t\t\t\t\t\t\t\t\t\t\t<div class=\"col-lg-6 col-md-6 wow fadeInUp\" data-wow-delay=\".3s\">\r\n\t\t\t\t\t\t\t\t\t\t\t<div class=\"service-box-items-2\">\r\n\t\t\t\t\t\t\t\t\t\t\t\t<div class=\"icon\">\r\n\t\t\t\t\t\t\t\t\t\t\t\t\t\t\t\t\t\t\t\t\t\t\t\t\t\t\t\t\t\t\t\t\t\t\t\t\t\t\t\t<img decoding=\"async\" src=\"https:\/\/solutions-dz.com\/wp-content\/uploads\/2025\/06\/reseau.png\" alt=\"Solutions IT Alg\u00e9rie\">\r\n\t\t\t\t\t\t\t\t\t\t\t\t\t\t\t\t\t\t\t\t\t\t\t\t\t\t\t\t\t\t\t\t\t\t\t\t\t\t<\/div>\r\n\t\t\t\t\t\t\t\t\t\t\t\t<div class=\"content\">\r\n\t\t\t\t\t\t\t\t\t\t\t\t\t<h3>\r\n\t\t\t\t\t\t\t\t\t\t\t\t\t\t<a href=\"https:\/\/solutions-dz.com\/en\/reseaux-de-communication-3\/\">Communication network\t\t\t\t\t\t\t\t\t\t\t\t\t\t<\/a>\r\n\t\t\t\t\t\t\t\t\t\t\t\t\t<\/h3>\r\n\t\t\t\t\t\t\t\t\t\t\t\t\t<p>\r\n\t\t\t\t\t\t\t\t\t\t\t\t\t\t\t\t\t\t\t\t\t\t\t\t\t\t\t<\/p>\r\n\t\t\t\t\t\t\t\t\t\t\t\t<\/div>\r\n\t\t\t\t\t\t\t\t\t\t\t<\/div>\r\n\t\t\t\t\t\t\t\t\t\t<\/div>\r\n\t\t\t\t\t\t\t\t\t\t\t\t\t\t\t\t\t\t\t<div class=\"col-lg-6 col-md-6 wow fadeInUp\" data-wow-delay=\".3s\">\r\n\t\t\t\t\t\t\t\t\t\t\t<div class=\"service-box-items-2\">\r\n\t\t\t\t\t\t\t\t\t\t\t\t<div class=\"icon\">\r\n\t\t\t\t\t\t\t\t\t\t\t\t\t\t\t\t\t\t\t\t\t\t\t\t\t\t\t\t\t\t\t\t\t\t\t\t\t\t\t\t<img decoding=\"async\" src=\"https:\/\/solutions-dz.com\/wp-content\/uploads\/2025\/06\/etude-de-projet-assistance2.png\" alt=\"Solutions IT Alg\u00e9rie\">\r\n\t\t\t\t\t\t\t\t\t\t\t\t\t\t\t\t\t\t\t\t\t\t\t\t\t\t\t\t\t\t\t\t\t\t\t\t\t\t<\/div>\r\n\t\t\t\t\t\t\t\t\t\t\t\t<div class=\"content\">\r\n\t\t\t\t\t\t\t\t\t\t\t\t\t<h3>\r\n\t\t\t\t\t\t\t\t\t\t\t\t\t\t<a href=\"https:\/\/solutions-dz.com\/en\/ingenierie-et-etude-de-projet\/\">Engineering and project study\t\t\t\t\t\t\t\t\t\t\t\t\t\t<\/a>\r\n\t\t\t\t\t\t\t\t\t\t\t\t\t<\/h3>\r\n\t\t\t\t\t\t\t\t\t\t\t\t\t<p>\r\n\t\t\t\t\t\t\t\t\t\t\t\t\t\t\t\t\t\t\t\t\t\t\t\t\t\t\t<\/p>\r\n\t\t\t\t\t\t\t\t\t\t\t\t<\/div>\r\n\t\t\t\t\t\t\t\t\t\t\t<\/div>\r\n\t\t\t\t\t\t\t\t\t\t<\/div>\r\n\t\t\t\t\t\t\t\t\t\t\t\t\t\t\t\t\t\t\t<div class=\"col-lg-6 col-md-6 wow fadeInUp\" data-wow-delay=\".3s\">\r\n\t\t\t\t\t\t\t\t\t\t\t<div class=\"service-box-items-2\">\r\n\t\t\t\t\t\t\t\t\t\t\t\t<div class=\"icon\">\r\n\t\t\t\t\t\t\t\t\t\t\t\t\t\t\t\t\t\t\t\t\t\t\t\t\t\t\t\t\t\t\t\t\t\t\t\t\t\t\t\t<img decoding=\"async\" src=\"https:\/\/solutions-dz.com\/wp-content\/uploads\/2025\/06\/etude-de-projet-assistance1.png\" alt=\"Solutions IT Alg\u00e9rie\">\r\n\t\t\t\t\t\t\t\t\t\t\t\t\t\t\t\t\t\t\t\t\t\t\t\t\t\t\t\t\t\t\t\t\t\t\t\t\t\t<\/div>\r\n\t\t\t\t\t\t\t\t\t\t\t\t<div class=\"content\">\r\n\t\t\t\t\t\t\t\t\t\t\t\t\t<h3>\r\n\t\t\t\t\t\t\t\t\t\t\t\t\t\t<a href=\"https:\/\/solutions-dz.com\/en\/reseaux-de-securite-4\/\">Security network\t\t\t\t\t\t\t\t\t\t\t\t\t\t<\/a>\r\n\t\t\t\t\t\t\t\t\t\t\t\t\t<\/h3>\r\n\t\t\t\t\t\t\t\t\t\t\t\t\t<p>\r\n\t\t\t\t\t\t\t\t\t\t\t\t\t\t\t\t\t\t\t\t\t\t\t\t\t\t\t<\/p>\r\n\t\t\t\t\t\t\t\t\t\t\t\t<\/div>\r\n\t\t\t\t\t\t\t\t\t\t\t<\/div>\r\n\t\t\t\t\t\t\t\t\t\t<\/div>\r\n\t\t\t\t\t\t\t\t\t\t\t\t\t\t\t\t\t\t\t<div class=\"col-lg-6 col-md-6 wow fadeInUp\" data-wow-delay=\".3s\">\r\n\t\t\t\t\t\t\t\t\t\t\t<div class=\"service-box-items-2\">\r\n\t\t\t\t\t\t\t\t\t\t\t\t<div class=\"icon\">\r\n\t\t\t\t\t\t\t\t\t\t\t\t\t\t\t\t\t\t\t\t\t\t\t\t\t\t\t\t\t\t\t\t\t\t\t\t\t\t\t\t<img decoding=\"async\" src=\"https:\/\/solutions-dz.com\/wp-content\/uploads\/2025\/06\/Assistance-et-Formation1.png\" alt=\"Solutions IT Alg\u00e9rie\">\r\n\t\t\t\t\t\t\t\t\t\t\t\t\t\t\t\t\t\t\t\t\t\t\t\t\t\t\t\t\t\t\t\t\t\t\t\t\t\t<\/div>\r\n\t\t\t\t\t\t\t\t\t\t\t\t<div class=\"content\">\r\n\t\t\t\t\t\t\t\t\t\t\t\t\t<h3>\r\n\t\t\t\t\t\t\t\t\t\t\t\t\t\t<a href=\"https:\/\/solutions-dz.com\/en\/assistance-et-formation\/\">Assistance\u00a0et <br>\u00a0formation\t\t\t\t\t\t\t\t\t\t\t\t\t\t<\/a>\r\n\t\t\t\t\t\t\t\t\t\t\t\t\t<\/h3>\r\n\t\t\t\t\t\t\t\t\t\t\t\t\t<p>\r\n\t\t\t\t\t\t\t\t\t\t\t\t\t\t\t\t\t\t\t\t\t\t\t\t\t\t\t<\/p>\r\n\t\t\t\t\t\t\t\t\t\t\t\t<\/div>\r\n\t\t\t\t\t\t\t\t\t\t\t<\/div>\r\n\t\t\t\t\t\t\t\t\t\t<\/div>\r\n\t\t\t\t\t\t\t\t\t\t\t\t\t\t\t\t\t<\/div>\r\n\t\t\t\t\t\t\t<\/div>\r\n\t\t\t\t\t\t<\/div>\r\n\t\t\t\t\t<\/div>\r\n\t\t\t\t<\/div>\r\n\t\t\t<\/section>\r\n\t\t\t<!--<< Service Section Three End >>-->\r\n\r\n\t\t\t\t\t\t<\/div>\n\t\t\t\t<\/div>\n\t\t\t\t<\/div>\n\t\t\t\t<\/div>","protected":false},"excerpt":{"rendered":"<p>Diff\u00e9rents types de solutions Nos Comp\u00e9tences R\u00e9seau de communication Engineering et \u00e9tude de projet R\u00e9seau de s\u00e9curit\u00e9 Assistance\u00a0et \u00a0formation<\/p>","protected":false},"author":1,"featured_media":0,"parent":0,"menu_order":0,"comment_status":"closed","ping_status":"closed","template":"elementor_header_footer","meta":{"_sitemap_exclude":false,"_sitemap_priority":"","_sitemap_frequency":"","_themeisle_gutenberg_block_has_review":false,"footnotes":""},"class_list":["post-1696","page","type-page","status-publish","hentry"],"_links":{"self":[{"href":"https:\/\/solutions-dz.com\/en\/wp-json\/wp\/v2\/pages\/1696","targetHints":{"allow":["GET"]}}],"collection":[{"href":"https:\/\/solutions-dz.com\/en\/wp-json\/wp\/v2\/pages"}],"about":[{"href":"https:\/\/solutions-dz.com\/en\/wp-json\/wp\/v2\/types\/page"}],"author":[{"embeddable":true,"href":"https:\/\/solutions-dz.com\/en\/wp-json\/wp\/v2\/users\/1"}],"replies":[{"embeddable":true,"href":"https:\/\/solutions-dz.com\/en\/wp-json\/wp\/v2\/comments?post=1696"}],"version-history":[{"count":16,"href":"https:\/\/solutions-dz.com\/en\/wp-json\/wp\/v2\/pages\/1696\/revisions"}],"predecessor-version":[{"id":4072,"href":"https:\/\/solutions-dz.com\/en\/wp-json\/wp\/v2\/pages\/1696\/revisions\/4072"}],"wp:attachment":[{"href":"https:\/\/solutions-dz.com\/en\/wp-json\/wp\/v2\/media?parent=1696"}],"curies":[{"name":"wp","href":"https:\/\/api.w.org\/{rel}","templated":true}]}}