{"id":1686,"date":"2025-05-29T10:16:32","date_gmt":"2025-05-29T10:16:32","guid":{"rendered":"https:\/\/solutions-dz.com\/?page_id=1686"},"modified":"2025-08-27T09:54:46","modified_gmt":"2025-08-27T09:54:46","slug":"secteurs","status":"publish","type":"page","link":"https:\/\/solutions-dz.com\/en\/secteurs\/","title":{"rendered":"Our Sectors"},"content":{"rendered":"<div data-elementor-type=\"wp-page\" data-elementor-id=\"1686\" class=\"elementor elementor-1686\">\n\t\t\t\t<div class=\"elementor-element elementor-element-f6addd3 e-flex e-con-boxed e-con e-parent\" data-id=\"f6addd3\" data-element_type=\"container\" data-e-type=\"container\" data-settings=\"{&quot;background_background&quot;:&quot;classic&quot;}\">\n\t\t\t\t\t<div class=\"e-con-inner\">\n\t\t\t\t<div class=\"elementor-element elementor-element-45e7c1f elementor-widget elementor-widget-heading\" data-id=\"45e7c1f\" data-element_type=\"widget\" data-e-type=\"widget\" data-widget_type=\"heading.default\">\n\t\t\t\t<div class=\"elementor-widget-container\">\n\t\t\t\t\t<h2 class=\"elementor-heading-title elementor-size-default\">Our Sectors<\/h2>\t\t\t\t<\/div>\n\t\t\t\t<\/div>\n\t\t\t\t\t<\/div>\n\t\t\t\t<\/div>\n\t\t<div class=\"elementor-element elementor-element-929a4cd e-con-full e-flex e-con e-parent\" data-id=\"929a4cd\" data-element_type=\"container\" data-e-type=\"container\">\n\t\t\t\t<div class=\"elementor-element elementor-element-d7f54c4 elementor-widget elementor-widget-html\" data-id=\"d7f54c4\" data-element_type=\"widget\" data-e-type=\"widget\" data-widget_type=\"html.default\">\n\t\t\t\t<div class=\"elementor-widget-container\">\n\t\t\t\t\t<section class=\"clients-section nnn\">\r\n  <div class=\"container\">\r\n    <div class=\"section-title nnn\">\r\n      <span class=\"subtitle\">Areas of expertise<\/span>\r\n      <h2>\r\n       Our areas of expertise  \r\n      <\/h2>\r\n      <p style=\"color: rgb(0, 0, 0); padding-top: 20px;\">Solutions IT supports organizations across a wide range of sectors\u2014such as finance, industry, healthcare, transportation, services, and the public sector\u2014in implementing reliable, secure, and fully tailored network solutions.\n\nLeveraging our collaboration with major clients, we design high-performance and sustainable infrastructures, whether for enterprise networks, hybrid cloud, virtualization, or data processing, capable of meeting the challenges of an ever-evolving technological environment.<\/p>\r\n    <\/div>\r\n\r\n\r\n\r\n\r\n\r\n<div class=\"carddds\" style=\"    grid-template-columns: repeat(auto-fit, minmax(200px, 1fr));\">\r\n    \r\n    \r\n    \r\n  <div class=\"carddd\" >\r\n    <img decoding=\"async\" src=\"https:\/\/dev.solutions-dz.com\/static\/assets\/img\/home-4\/team\/team20.png\" alt=\"project-img\" style=\"width: 100%;  height: 250px;  object-fit: cover;\">\r\n    <h3 class=\"carddd__title\" style=\"color: white;\">Manufacturing<\/h3>\r\n    <a href=\"https:\/\/solutions-dz.com\/en\/contact\/\" class=\"carddd__btn theme-btn theme-btn-2 wow fadeInUp\" style=\"visibility: visible; animation-delay: 0.5s; animation-name: fadeInUp;\">\r\n     <span> Get in touch\r\n              <svg class=\"carddd__icon\" xmlns=\"http:\/\/www.w3.org\/2000\/svg\" viewbox=\"0 0 24 24\">\r\n        <path fill=\"currentColor\" d=\"M10 17l5-5-5-5v10z\"\/>\r\n      <\/svg>\r\n     <\/span>\r\n       \r\n\r\n    <\/a>\r\n  <\/div>\r\n  \r\n  \r\n  \r\n  \r\n\r\n  <div class=\"carddd\" >\r\n    <img decoding=\"async\" src=\"https:\/\/dev.solutions-dz.com\/static\/assets\/img\/home-4\/team\/team21.png\" alt=\"project-img\" style=\"width: 100%;  height: 250px;  object-fit: cover;\">\r\n    <h3 class=\"carddd__title\" style=\"color: white;\">Healthcare<\/h3>\r\n    <a href=\"https:\/\/solutions-dz.com\/en\/contact\/\" class=\"carddd__btn theme-btn theme-btn-2\">\r\n      <span> Get in touch\r\n              <svg class=\"carddd__icon\" xmlns=\"http:\/\/www.w3.org\/2000\/svg\" viewbox=\"0 0 24 24\">\r\n        <path fill=\"currentColor\" d=\"M10 17l5-5-5-5v10z\"\/>\r\n      <\/svg>\r\n     <\/span>\r\n    <\/a>\r\n  <\/div>\r\n  \r\n  \r\n  \r\n  \r\n  \r\n\r\n <div class=\"carddd\">\r\n    <img decoding=\"async\" src=\"https:\/\/dev.solutions-dz.com\/static\/assets\/img\/home-4\/team\/team22.png\" alt=\"project-img\" style=\"width: 100%;  height: 250px;  object-fit: cover;\">\r\n    <h3 class=\"carddd__title\" style=\"color: white;\">Administration <\/h3>\r\n    <a href=\"https:\/\/solutions-dz.com\/en\/contact\/\" class=\"carddd__btn theme-btn theme-btn-2\">\r\n      <span> Get in touch\r\n              <svg class=\"carddd__icon\" xmlns=\"http:\/\/www.w3.org\/2000\/svg\" viewbox=\"0 0 24 24\">\r\n        <path fill=\"currentColor\" d=\"M10 17l5-5-5-5v10z\"\/>\r\n      <\/svg>\r\n     <\/span>\r\n    <\/a>\r\n  <\/div>\r\n  \r\n  \r\n  \r\n  \r\n   <div class=\"carddd\">\r\n    <img decoding=\"async\" src=\" https:\/\/solutions-dz.com\/wp-content\/uploads\/2025\/07\/Algerie-SONATRACH-expedie-sa-premiere-cargaison-de-gaz-naturel-liquefie-vers-la-Croatie.jpeg  \" alt=\"project-img\" style=\"width: 100%;  height: 250px;  object-fit: cover;\">\r\n    <h3 class=\"carddd__title\" style=\"color: white;\">Energy <\/h3>\r\n    <a href=\"https:\/\/solutions-dz.com\/en\/contact\/\" class=\"carddd__btn theme-btn theme-btn-2\">\r\n      <span> Get in touch\r\n              <svg class=\"carddd__icon\" xmlns=\"http:\/\/www.w3.org\/2000\/svg\" viewbox=\"0 0 24 24\">\r\n        <path fill=\"currentColor\" d=\"M10 17l5-5-5-5v10z\"\/>\r\n      <\/svg>\r\n     <\/span>\r\n    <\/a>\r\n  <\/div>\r\n  \r\n  \r\n  \r\n   <div class=\"carddd\">\r\n    <img decoding=\"async\" src=\" https:\/\/solutions-dz.com\/wp-content\/uploads\/2025\/07\/The-Benefits-of-CCTV-in-Hotels.jpg  \" alt=\"project-img\" style=\"width: 100%;  height: 250px;  object-fit: cover;\">\r\n    <h3 class=\"carddd__title\" style=\"color: white;\">PME PMI <\/h3>\r\n    <a href=\"https:\/\/solutions-dz.com\/en\/contact\/\" class=\"carddd__btn theme-btn theme-btn-2\">\r\n      <span> Get in touch\r\n              <svg class=\"carddd__icon\" xmlns=\"http:\/\/www.w3.org\/2000\/svg\" viewbox=\"0 0 24 24\">\r\n        <path fill=\"currentColor\" d=\"M10 17l5-5-5-5v10z\"\/>\r\n      <\/svg>\r\n     <\/span>\r\n    <\/a>\r\n  <\/div>\r\n  \r\n\r\n  \r\n\r\n  <\/div> \/*fin des cards*\/\r\n\r\n\r\n\r\n<\/section>\t\t\t\t<\/div>\n\t\t\t\t<\/div>\n\t\t\t\t<\/div>\n\t\t\t\t<\/div>","protected":false},"excerpt":{"rendered":"<p>Nos Secteurs Secteurs d\u2019expertise Nos domaines d\u2019intervention Solutions IT accompagne des acteurs de secteurs vari\u00e9s \u2013 par exemple la finance, l\u2019industrie, la sant\u00e9, les transports, les services et le secteur public \u2013 dans la mise en place de solutions r\u00e9seau fiables, s\u00e9curis\u00e9es et enti\u00e8rement adapt\u00e9es \u00e0 leurs besoins. Fort de notre collaboration avec de grands&#8230;<\/p>","protected":false},"author":1,"featured_media":0,"parent":0,"menu_order":0,"comment_status":"closed","ping_status":"closed","template":"elementor_header_footer","meta":{"_sitemap_exclude":false,"_sitemap_priority":"","_sitemap_frequency":"","_themeisle_gutenberg_block_has_review":false,"footnotes":""},"class_list":["post-1686","page","type-page","status-publish","hentry"],"_links":{"self":[{"href":"https:\/\/solutions-dz.com\/en\/wp-json\/wp\/v2\/pages\/1686","targetHints":{"allow":["GET"]}}],"collection":[{"href":"https:\/\/solutions-dz.com\/en\/wp-json\/wp\/v2\/pages"}],"about":[{"href":"https:\/\/solutions-dz.com\/en\/wp-json\/wp\/v2\/types\/page"}],"author":[{"embeddable":true,"href":"https:\/\/solutions-dz.com\/en\/wp-json\/wp\/v2\/users\/1"}],"replies":[{"embeddable":true,"href":"https:\/\/solutions-dz.com\/en\/wp-json\/wp\/v2\/comments?post=1686"}],"version-history":[{"count":46,"href":"https:\/\/solutions-dz.com\/en\/wp-json\/wp\/v2\/pages\/1686\/revisions"}],"predecessor-version":[{"id":4303,"href":"https:\/\/solutions-dz.com\/en\/wp-json\/wp\/v2\/pages\/1686\/revisions\/4303"}],"wp:attachment":[{"href":"https:\/\/solutions-dz.com\/en\/wp-json\/wp\/v2\/media?parent=1686"}],"curies":[{"name":"wp","href":"https:\/\/api.w.org\/{rel}","templated":true}]}}