{"id":1668,"date":"2025-05-29T08:09:40","date_gmt":"2025-05-29T08:09:40","guid":{"rendered":"https:\/\/solutions-dz.com\/?page_id=1668"},"modified":"2025-09-18T10:45:07","modified_gmt":"2025-09-18T10:45:07","slug":"a-propos","status":"publish","type":"page","link":"https:\/\/solutions-dz.com\/en\/a-propos\/","title":{"rendered":"About"},"content":{"rendered":"<div data-elementor-type=\"wp-page\" data-elementor-id=\"1668\" class=\"elementor elementor-1668\">\n\t\t\t\t<div class=\"elementor-element elementor-element-a5649b2 e-flex e-con-boxed e-con e-parent\" data-id=\"a5649b2\" data-element_type=\"container\" data-e-type=\"container\" data-settings=\"{&quot;background_background&quot;:&quot;classic&quot;}\">\n\t\t\t\t\t<div class=\"e-con-inner\">\n\t\t\t\t<div class=\"elementor-element elementor-element-1152321 elementor-widget elementor-widget-heading\" data-id=\"1152321\" data-element_type=\"widget\" data-e-type=\"widget\" data-widget_type=\"heading.default\">\n\t\t\t\t<div class=\"elementor-widget-container\">\n\t\t\t\t\t<h2 class=\"elementor-heading-title elementor-size-default\">Who are we ?<\/h2>\t\t\t\t<\/div>\n\t\t\t\t<\/div>\n\t\t\t\t\t<\/div>\n\t\t\t\t<\/div>\n\t\t<div class=\"elementor-element elementor-element-f0cee02 e-con-full e-flex e-con e-parent\" data-id=\"f0cee02\" data-element_type=\"container\" data-e-type=\"container\">\n\t\t\t\t<div class=\"elementor-element elementor-element-f17471a elementor-widget elementor-widget-daltech_about\" data-id=\"f17471a\" data-element_type=\"widget\" data-e-type=\"widget\" data-widget_type=\"daltech_about.default\">\n\t\t\t\t<div class=\"elementor-widget-container\">\n\t\t\t\t\t\r\n\t\t\t<!-- Start  About Style Four -->\r\n\t\t\t<section class=\"about-section fix section-padding\">\r\n\t\t\t\t<div class=\"shape float-bob-y\">\r\n\t\t\t\t\t<img decoding=\"async\" src=\"https:\/\/solutions-dz.com\/wp-content\/uploads\/2025\/05\/arrow-shape.png\" alt=\"Solutions%20IT%20Alg\u00e9rie\"  \/>\t\t\t\t<\/div>\r\n\t\t\t\t<div class=\"container\">\r\n\t\t\t\t\t<div class=\"section-title text-center\">\r\n\t\t\t\t\t\t<span class=\"wow fadeInUp\">\r\n\t\t\t\t\t\t\tWho are we\t\t\t\t\t\t<\/span>\r\n\t\t\t\t\t\t<h2 class=\"wow fadeInUp\" data-wow-delay=\".3s\">\r\n\t\t\t\t\t\t\tIntegrator of new <br>\nIT technologies since 2007\t\t\t\t\t\t<\/h2>\r\n\t\t\t\t\t<\/div>\r\n\t\t\t\t\t<div class=\"single-about-wrapper-2\">\r\n\t\t\t\t\t\t<div class=\"row\">\r\n\t\t\t\t\t\t\t<div class=\"col-xl-6 col-lg-6\">\r\n\t\t\t\t\t\t\t\t<div class=\"about-image-item ralt\">\r\n\t\t\t\t\t\t\t\t\t<div class=\"circle-shape\">\r\n\t\t\t\t\t\t\t\t\t\t<img decoding=\"async\" src=\"https:\/\/solutions-dz.com\/wp-content\/uploads\/2025\/05\/circle-shape.png\" alt=\"Solutions%20IT%20Alg\u00e9rie\"  \/>\t\t\t\t\t\t\t\t\t<\/div>\r\n\t\t\t\t\t\t\t\t\t<div class=\"bg-shape\">\r\n\t\t\t\t\t\t\t\t\t\t<img decoding=\"async\" src=\"https:\/\/solutions-dz.com\/wp-content\/uploads\/2025\/05\/bg-shape.png\" alt=\"Solutions%20IT%20Alg\u00e9rie\"  \/>\t\t\t\t\t\t\t\t\t<\/div>\r\n\t\t\t\t\t\t\t\t\t<div class=\"row\">\r\n\t\t\t\t\t\t\t\t\t\t<div class=\"col-lg-6 col-md-6 col-sm-6 wow fadeInUp\" data-wow-delay=\".3s\">\r\n\t\t\t\t\t\t\t\t\t\t\t<div class=\"about-image-1\">\r\n\t\t\t\t\t\t\t\t\t\t\t\t<img decoding=\"async\" src=\"https:\/\/solutions-dz.com\/wp-content\/uploads\/2025\/05\/about2.png\" alt=\"Solutions%20IT%20Alg\u00e9rie\"  \/>\t\t\t\t\t\t\t\t\t\t\t<\/div>\r\n\t\t\t\t\t\t\t\t\t\t<\/div>\r\n\t\t\t\t\t\t\t\t\t\t<div class=\"col-lg-6 col-md-6 col-sm-6 wow fadeInUp\" data-wow-delay=\".5s\">\r\n\t\t\t\t\t\t\t\t\t\t\t<div class=\"about-image-2\">\r\n\t\t\t\t\t\t\t\t\t\t\t\t<img decoding=\"async\" src=\"https:\/\/solutions-dz.com\/wp-content\/uploads\/2025\/05\/about3.png\" alt=\"Solutions%20IT%20Alg\u00e9rie\"  \/>\t\t\t\t\t\t\t\t\t\t\t<\/div>\r\n\t\t\t\t\t\t\t\t\t\t<\/div>\r\n\t\t\t\t\t\t\t\t\t<\/div>\r\n\t\t\t\t\t\t\t\t<\/div>\r\n\t\t\t\t\t\t\t<\/div>\r\n\t\t\t\t\t\t\t<div class=\"col-xl-6 col-lg-6 mt-5 mt-lg-0\">\r\n\t\t\t\t\t\t\t\t<div class=\"about-content\">\r\n\t\t\t\t\t\t\t\t\t<p class=\"text  wow fadeInUp\">\r\n\t\t\t\t\t\t\t\t\t\tSince 2007, Solutions IT has established itself as a leading integrator, supporting companies in the implementation of <a href=\"\/en\/about.html\/\">reliable network solutions<\/a> , secure and tailored to their needs. \t\t\t\t\t\t\t\t\t<\/p>\r\n\t\t\t\t\t\t\t\t\t\t\t\t\t\t\t\t\t\t\t\t\t\t\t\t\t\t\t\t\t\t<div class=\"single-system-item wow fadeInUp\" data-wow-delay=\".3s\">\r\n\t\t\t\t\t\t\t\t\t\t\t\t<div class=\"icon\">\r\n\t\t\t\t\t\t\t\t\t\t\t\t\t<img decoding=\"async\" src=\"https:\/\/solutions-dz.com\/wp-content\/uploads\/2025\/06\/reseau.png\" alt=\"Solutions%20IT%20Alg\u00e9rie\"  \/>\t\t\t\t\t\t\t\t\t\t\t\t<\/div>\r\n\t\t\t\t\t\t\t\t\t\t\t\t<div class=\"content\">\r\n\t\t\t\t\t\t\t\t\t\t\t\t\t<h4>\r\n\t\t\t\t\t\t\t\t\t\t\t\t\t\tCommunication network\t\t\t\t\t\t\t\t\t\t\t\t\t<\/h4>\r\n\t\t\t\t\t\t\t\t\t\t\t\t\t<p>\r\n\t\t\t\t\t\t\t\t\t\t\t\t\t\t\t\t\t\t\t\t\t\t\t\t\t\t\t<\/p>\r\n\t\t\t\t\t\t\t\t\t\t\t\t<\/div>\r\n\t\t\t\t\t\t\t\t\t\t\t<\/div>\r\n\t\t\t\t\t\t\t\t\t\t\t\t\t\t\t\t\t\t\t\t\t<div class=\"single-system-item wow fadeInUp\" data-wow-delay=\".3s\">\r\n\t\t\t\t\t\t\t\t\t\t\t\t<div class=\"icon\">\r\n\t\t\t\t\t\t\t\t\t\t\t\t\t<img decoding=\"async\" src=\"https:\/\/solutions-dz.com\/wp-content\/uploads\/2025\/06\/etude-de-projet-assistance2.png\" alt=\"Solutions%20IT%20Alg\u00e9rie\"  \/>\t\t\t\t\t\t\t\t\t\t\t\t<\/div>\r\n\t\t\t\t\t\t\t\t\t\t\t\t<div class=\"content\">\r\n\t\t\t\t\t\t\t\t\t\t\t\t\t<h4>\r\n\t\t\t\t\t\t\t\t\t\t\t\t\t\tEngineering and project study\t\t\t\t\t\t\t\t\t\t\t\t\t<\/h4>\r\n\t\t\t\t\t\t\t\t\t\t\t\t\t<p>\r\n\t\t\t\t\t\t\t\t\t\t\t\t\t\t\t\t\t\t\t\t\t\t\t\t\t\t\t<\/p>\r\n\t\t\t\t\t\t\t\t\t\t\t\t<\/div>\r\n\t\t\t\t\t\t\t\t\t\t\t<\/div>\r\n\t\t\t\t\t\t\t\t\t\t\t\t\t\t\t\t\t\t\t\t\t<div class=\"single-system-item wow fadeInUp\" data-wow-delay=\".3s\">\r\n\t\t\t\t\t\t\t\t\t\t\t\t<div class=\"icon\">\r\n\t\t\t\t\t\t\t\t\t\t\t\t\t<img decoding=\"async\" src=\"https:\/\/solutions-dz.com\/wp-content\/uploads\/2025\/06\/etude-de-projet-assistance1.png\" alt=\"Solutions%20IT%20Alg\u00e9rie\"  \/>\t\t\t\t\t\t\t\t\t\t\t\t<\/div>\r\n\t\t\t\t\t\t\t\t\t\t\t\t<div class=\"content\">\r\n\t\t\t\t\t\t\t\t\t\t\t\t\t<h4>\r\n\t\t\t\t\t\t\t\t\t\t\t\t\t\tSecurity network\t\t\t\t\t\t\t\t\t\t\t\t\t<\/h4>\r\n\t\t\t\t\t\t\t\t\t\t\t\t\t<p>\r\n\t\t\t\t\t\t\t\t\t\t\t\t\t\t\t\t\t\t\t\t\t\t\t\t\t\t\t<\/p>\r\n\t\t\t\t\t\t\t\t\t\t\t\t<\/div>\r\n\t\t\t\t\t\t\t\t\t\t\t<\/div>\r\n\t\t\t\t\t\t\t\t\t\t\t\t\t\t\t\t\t\t\t\t\t<div class=\"single-system-item wow fadeInUp\" data-wow-delay=\".3s\">\r\n\t\t\t\t\t\t\t\t\t\t\t\t<div class=\"icon\">\r\n\t\t\t\t\t\t\t\t\t\t\t\t\t<img decoding=\"async\" src=\"https:\/\/solutions-dz.com\/wp-content\/uploads\/2025\/06\/Assistance-et-Formation1.png\" alt=\"Solutions%20IT%20Alg\u00e9rie\"  \/>\t\t\t\t\t\t\t\t\t\t\t\t<\/div>\r\n\t\t\t\t\t\t\t\t\t\t\t\t<div class=\"content\">\r\n\t\t\t\t\t\t\t\t\t\t\t\t\t<h4>\r\n\t\t\t\t\t\t\t\t\t\t\t\t\t\tAssistance and training\t\t\t\t\t\t\t\t\t\t\t\t\t<\/h4>\r\n\t\t\t\t\t\t\t\t\t\t\t\t\t<p>\r\n\t\t\t\t\t\t\t\t\t\t\t\t\t\t\t\t\t\t\t\t\t\t\t\t\t\t\t<\/p>\r\n\t\t\t\t\t\t\t\t\t\t\t\t<\/div>\r\n\t\t\t\t\t\t\t\t\t\t\t<\/div>\r\n\t\t\t\t\t\t\t\t\t\t\t\t\t\t\t\t\t\t\t\r\n\t\t\t\t\t\t\t\t<\/div>\r\n\t\t\t\t\t\t\t<\/div>\r\n\t\t\t\t\t\t<\/div>\r\n\t\t\t\t\t<\/div>\r\n\t\t\t\t<\/div>\r\n\t\t\t<\/section>\r\n\r\n\t\t\t<!-- End  About Style Four -->\r\n\t\t\t\t<\/div>\n\t\t\t\t<\/div>\n\t\t\t\t<\/div>\n\t\t<div class=\"elementor-element elementor-element-a717cd4 e-con-full e-flex e-con e-parent\" data-id=\"a717cd4\" data-element_type=\"container\" data-e-type=\"container\">\n\t\t\t\t<div class=\"elementor-element elementor-element-2e63ee8 elementor-widget elementor-widget-html\" data-id=\"2e63ee8\" data-element_type=\"widget\" data-e-type=\"widget\" data-widget_type=\"html.default\">\n\t\t\t\t<div class=\"elementor-widget-container\">\n\t\t\t\t\t<section class=\"woeking-process fix section-padding section-bg-3\">\r\n    <div class=\"left-shape\">\r\n        <img decoding=\"async\" src=\"https:\/\/solutions-dz.com\/wp-content\/uploads\/2025\/06\/shape-left.png\" alt=\"img\">\r\n    <\/div>\r\n    <div class=\"right-shape\">\r\n        <img decoding=\"async\" src=\"https:\/\/solutions-dz.com\/wp-content\/uploads\/2025\/06\/shape-right.png\" alt=\"img\">\r\n    <\/div>\r\n    <div class=\"container\">\r\n        <div class=\"counter-wrapper\">\r\n            <div class=\"row g-4\">\r\n                <div class=\"col-xl-3 col-lg-4 col-md-6 wow fadeInUp\" data-wow-delay=\".3s\">\r\n                    <div class=\"counter-items text-center\">\r\n                        <div class=\"icon center sp\">\r\n                            <img decoding=\"async\" src=\"https:\/\/solutions-dz.com\/wp-content\/uploads\/2025\/06\/icon7-6de243.svg\" alt=\"icon-img\">\r\n                        <\/div>\r\n                        <div class=\"content\">\r\n                            <h2><span class=\"count\">200<\/span>+<\/h2>\r\n                            <p>\r\n                                Satisfied customers \r\n                            <\/p>\r\n                        <\/div>\r\n                    <\/div>\r\n                <\/div>\r\n                <div class=\"col-xl-3 col-lg-4 col-md-6 wow fadeInUp\" data-wow-delay=\".5s\">\r\n                    <div class=\"counter-items text-center\">\r\n                        <div class=\"icon center sp\">\r\n                            <img decoding=\"async\" src=\"https:\/\/solutions-dz.com\/wp-content\/uploads\/2025\/06\/icon5-767478.svg\">\r\n                        <\/div>\r\n                        <div class=\"content\">\r\n                            <h2><span class=\"count\">20<\/span>+<\/h2>\r\n                            <p>\r\n                                Partners\r\n                            <\/p>\r\n                        <\/div>\r\n                    <\/div>\r\n                <\/div>\r\n                <div class=\"col-xl-3 col-lg-4 col-md-6 wow fadeInUp\" data-wow-delay=\".7s\">\r\n                    <div class=\"counter-items text-center\">\r\n                        <div class=\"icon center sp\">\r\n                            <img decoding=\"async\" src=\"https:\/\/solutions-dz.com\/wp-content\/uploads\/2025\/06\/icon4-e21d8c.svg\">\r\n                        <\/div>\r\n                        <div class=\"content\">\r\n                            <h2><span class=\"count\">800<\/span>+<\/h2>\r\n                            <p>\r\n                                Completed Projects\r\n                            <\/p>\r\n                        <\/div>\r\n                    <\/div>\r\n                <\/div>\r\n                <div class=\"col-xl-3 col-lg-4 col-md-6 wow fadeInUp\" data-wow-delay=\".9s\">\r\n                    <div class=\"counter-items text-center\">\r\n                        <div class=\"icon center\">\r\n                            <i class=\"flaticon-verified\"><\/i>\r\n                        <\/div>\r\n                        <div class=\"content\">\r\n                            <h2><span class=\"count\">16<\/span>+<\/h2>\r\n                            <p>\r\n                                Years of Experience\r\n                            <\/p>\r\n                        <\/div>\r\n                    <\/div>\r\n                <\/div>\r\n            <\/div>\r\n        <\/div>\r\n    <\/div>\r\n<\/section>\t\t\t\t<\/div>\n\t\t\t\t<\/div>\n\t\t\t\t<div class=\"elementor-element elementor-element-6a1d7ec elementor-widget elementor-widget-html\" data-id=\"6a1d7ec\" data-element_type=\"widget\" data-e-type=\"widget\" data-widget_type=\"html.default\">\n\t\t\t\t<div class=\"elementor-widget-container\">\n\t\t\t\t\t<div class=\"marque-section-2\">\r\n    <div class=\"container-fluid\">\r\n        <div class=\"marquee-wrapper text-slider style-height-2\">\r\n<div class=\"marquee-inner to-left\">\r\n<ul class=\"marqee-list d-flex\">\r\n <li class=\"marquee-item style-3\">                 <span class=\"text-slider\" style=\"color: white;\">\r\n                      <\/span>\r\n<span class=\"text-slider\" style=\"color: white;\">Solution VoIP<\/span>\r\n                  \r\n <span class=\"text-slider\" style=\"color: white;\">\r\n                        \r\n<\/span>\r\n <span class=\"text-slider\" style=\"color: white;\">Intrusion detection system<\/span>\r\n                  \r\n <span class=\"text-slider\" style=\"color: white;\">\r\n                      <\/span>\r\n <span class=\"text-slider\" style=\"color: white;\">Access control<\/span>\r\n                  \r\n <span class=\"text-slider\" style=\"color: white;\">\r\n                      <\/span>\r\n<span class=\"text-slider\" style=\"color: white;\">Fire detection system<\/span>\r\n<span class=\"text-slider\" style=\"color: white;\">\r\n                      <\/span>\r\n<span class=\"text-slider\" style=\"color: white;\">CCTV video surveillance<\/span>\r\n<span class=\"text-slider\" style=\"color: white;\">\r\n                      <\/span>\r\n<span class=\"text-slider\" style=\"color: white;\">High capacity inverters<\/span>\r\n<span class=\"text-slider\" style=\"color: white;\">\r\n                      <\/span>\r\n<span class=\"text-slider\" style=\"color: white;\">Home automation<\/span>\r\n <span class=\"text-slider\" style=\"color: white;\">\r\n                      <\/span>\r\n<span class=\"text-slider\" style=\"color: white;\">Computer Network<\/span>\r\n<span class=\"text-slider\" style=\"color: white;\">\r\n                      <\/span>\r\n<span class=\"text-slider\" style=\"color: white;\">R\u00e9seaux de T\u00e9l\u00e9phonie<\/span>\r\n <span class=\"text-slider\" style=\"color: white;\">\r\n                      <\/span>\r\n <span class=\"text-slider\" style=\"color: white;\">Optical fiber<\/span>\r\n <span class=\"text-slider\" style=\"color: white;\">\r\n                      <\/span>\r\n <span class=\"text-slider\" style=\"color: white;\">Cloud and data center<\/span>\r\n<span class=\"text-slider\" style=\"color: white;\">\r\n                      <\/span>\r\n <span class=\"text-slider\" style=\"color: white;\">Syst\u00e8mes Audiovisuels<\/span>\r\n<\/li>\r\n                  <\/ul>\r\n                  \r\n            <\/div>\r\n        <\/div>\r\n    <\/div>\r\n<\/div>      \t\t\t\t<\/div>\n\t\t\t\t<\/div>\n\t\t\t\t<\/div>\n\t\t\t\t<\/div>","protected":false},"excerpt":{"rendered":"<p>Qui sommes nous ? Qui sommes-nous Int\u00e9grateur des nouvelles technologies IT depuis 2007 Depuis 2007, Solutions IT s\u2019impose comme un int\u00e9grateur de r\u00e9f\u00e9rence, en accompagnant les entreprises dans la mise en place de solutions r\u00e9seau fiables , s\u00e9curis\u00e9es et adapt\u00e9es \u00e0 leurs besoins. R\u00e9seau de communication Engineering et \u00e9tude de projet R\u00e9seau de s\u00e9curit\u00e9 Assistance&#8230;<\/p>","protected":false},"author":1,"featured_media":0,"parent":0,"menu_order":0,"comment_status":"closed","ping_status":"closed","template":"elementor_header_footer","meta":{"_sitemap_exclude":false,"_sitemap_priority":"","_sitemap_frequency":"","_themeisle_gutenberg_block_has_review":false,"footnotes":""},"class_list":["post-1668","page","type-page","status-publish","hentry"],"_links":{"self":[{"href":"https:\/\/solutions-dz.com\/en\/wp-json\/wp\/v2\/pages\/1668","targetHints":{"allow":["GET"]}}],"collection":[{"href":"https:\/\/solutions-dz.com\/en\/wp-json\/wp\/v2\/pages"}],"about":[{"href":"https:\/\/solutions-dz.com\/en\/wp-json\/wp\/v2\/types\/page"}],"author":[{"embeddable":true,"href":"https:\/\/solutions-dz.com\/en\/wp-json\/wp\/v2\/users\/1"}],"replies":[{"embeddable":true,"href":"https:\/\/solutions-dz.com\/en\/wp-json\/wp\/v2\/comments?post=1668"}],"version-history":[{"count":31,"href":"https:\/\/solutions-dz.com\/en\/wp-json\/wp\/v2\/pages\/1668\/revisions"}],"predecessor-version":[{"id":4423,"href":"https:\/\/solutions-dz.com\/en\/wp-json\/wp\/v2\/pages\/1668\/revisions\/4423"}],"wp:attachment":[{"href":"https:\/\/solutions-dz.com\/en\/wp-json\/wp\/v2\/media?parent=1668"}],"curies":[{"name":"wp","href":"https:\/\/api.w.org\/{rel}","templated":true}]}}