{"id":121,"date":"2024-05-16T18:14:06","date_gmt":"2024-05-16T18:14:06","guid":{"rendered":"https:\/\/modinatheme.com\/daltech\/?page_id=121"},"modified":"2025-07-19T17:54:46","modified_gmt":"2025-07-19T17:54:46","slug":"contact","status":"publish","type":"page","link":"https:\/\/solutions-dz.com\/en\/contact\/","title":{"rendered":"Contact"},"content":{"rendered":"<div data-elementor-type=\"wp-page\" data-elementor-id=\"121\" class=\"elementor elementor-121\">\n\t\t\t\t<div class=\"elementor-element elementor-element-1bcbd96 e-flex e-con-boxed e-con e-parent\" data-id=\"1bcbd96\" data-element_type=\"container\" data-e-type=\"container\" data-settings=\"{&quot;background_background&quot;:&quot;classic&quot;}\">\n\t\t\t\t\t<div class=\"e-con-inner\">\n\t\t\t\t<div class=\"elementor-element elementor-element-f19eb22 elementor-widget elementor-widget-heading\" data-id=\"f19eb22\" data-element_type=\"widget\" data-e-type=\"widget\" data-widget_type=\"heading.default\">\n\t\t\t\t<div class=\"elementor-widget-container\">\n\t\t\t\t\t<h2 class=\"elementor-heading-title elementor-size-default\">Contact<\/h2>\t\t\t\t<\/div>\n\t\t\t\t<\/div>\n\t\t\t\t<div class=\"elementor-element elementor-element-d81888f elementor-widget elementor-widget-html\" data-id=\"d81888f\" data-element_type=\"widget\" data-e-type=\"widget\" data-widget_type=\"html.default\">\n\t\t\t\t<div class=\"elementor-widget-container\">\n\t\t\t\t\t<style>\n    .contact .theme-btn{\n        padding: 24px 40px;\n    }\n<\/style>\t\t\t\t<\/div>\n\t\t\t\t<\/div>\n\t\t\t\t\t<\/div>\n\t\t\t\t<\/div>\n\t\t<div class=\"elementor-element elementor-element-b866406 e-con-full e-flex e-con e-parent\" data-id=\"b866406\" data-element_type=\"container\" data-e-type=\"container\">\n\t\t\t\t<div class=\"elementor-element elementor-element-ec0bef8 elementor-widget elementor-widget-daltech_contact_form\" data-id=\"ec0bef8\" data-element_type=\"widget\" data-e-type=\"widget\" data-widget_type=\"daltech_contact_form.default\">\n\t\t\t\t<div class=\"elementor-widget-container\">\n\t\t\t\t\t\r\n            <!--<< Contact Section Start >>-->\r\n            <!--<< Contact Section Start >>-->\r\n            <section class=\"contact-section-2 fix section-padding bg-cover\" style=\"background-image: url();\">\r\n                <div class=\"contact-image\">\r\n                                    <\/div>\r\n                <div class=\"container\">\r\n                    <div class=\"contact-wrapper-2\">\r\n                        <div class=\"row align-items-center\">\r\n                            <div class=\"col-lg-6\">\r\n                                <div class=\"contact-content\">\r\n                                    <div class=\"section-title style-2\">\r\n                                        <span class=\"wow fadeInUp\">\r\n                                            Contact                                        <\/span>\r\n                                        <h2 class=\"wow fadeInUp\" data-wow-delay=\".3s\">\r\n                                            Contactez nos experts                                        <\/h2>\r\n                                    <\/div>\r\n                                    <p class=\"mt-4 mt-md-0 wow fadeInUp\" data-wow-delay=\".5s\">\r\n                                        We handle your request within 48 hours.                                    <\/p>\r\n\r\n                                    <div class=\"contact-info-area\">\r\n                                                                                    <div class=\"contact-info-items mb-4 wow fadeInUp\" data-wow-delay=\".7s\">\r\n                                                <div class=\"icon\">\r\n                                                    <i class=\"far fa-phone\"><\/i>\r\n                                                <\/div>\r\n                                                <div class=\"content\">\r\n                                                    <p>Phone<\/p>\r\n                                                    <h3>\r\n                                                        <a href=\"tel:+213 (0) 26 47 11 85\">+213 (0) 26 47 11 85<\/a> <br><a href=\"tel:+213 (0) 661 665 472\">+213 (0) 661 665 472<\/a>                                                    <\/h3>\r\n                                                <\/div>\r\n                                            <\/div>\r\n                                                                                    <div class=\"contact-info-items mb-4 wow fadeInUp\" data-wow-delay=\".7s\">\r\n                                                <div class=\"icon\">\r\n                                                    <i class=\"far fa-phone\"><\/i>\r\n                                                <\/div>\r\n                                                <div class=\"content\">\r\n                                                    <p>Send us an email<\/p>\r\n                                                    <h3>\r\n                                                        <a href=\"mailto:contact@solutions-dz.com\">contact@solutions-dz.com<\/a>                                                    <\/h3>\r\n                                                <\/div>\r\n                                            <\/div>\r\n                                                                                    <div class=\"contact-info-items mb-4 wow fadeInUp\" data-wow-delay=\".7s\">\r\n                                                <div class=\"icon\">\r\n                                                    <i class=\"far fa-phone\"><\/i>\r\n                                                <\/div>\r\n                                                <div class=\"content\">\r\n                                                    <p>Location<\/p>\r\n                                                    <h3>\r\n                                                        Lotissement Berchiche, Immeuble N\u00b01 Tizi-Ouzou 15000, Alg\u00e9rie                                                    <\/h3>\r\n                                                <\/div>\r\n                                            <\/div>\r\n                                                                            <\/div>\r\n                                <\/div>\r\n                            <\/div>\r\n                            <div class=\"col-lg-6 mt-5 mt-lg-0\">\r\n                                <div class=\"contact-box\">\r\n                                    <div class=\"contact-title\">\r\n                                        <h3 class=\"wow fadeInUp\" data-wow-delay=\".3s\">\r\n                                            Contact form<\/h3>\r\n                                        <p class=\"wow fadeInUp\" data-wow-delay=\".5s\">\r\n                                            <\/p>\r\n                                    <\/div>\r\n                                    <div class=\"contact-form-items\">\r\n                                        \n<div class=\"wpcf7 no-js\" id=\"wpcf7-f561-o1\" lang=\"en-US\" dir=\"ltr\" data-wpcf7-id=\"561\">\n<div class=\"screen-reader-response\"><p role=\"status\" aria-live=\"polite\" aria-atomic=\"true\"><\/p> <ul><\/ul><\/div>\n<form action=\"\/en\/wp-json\/wp\/v2\/pages\/121#wpcf7-f561-o1\" method=\"post\" class=\"wpcf7-form init\" aria-label=\"Contact form\" novalidate=\"novalidate\" data-status=\"init\" data-trp-original-action=\"\/en\/wp-json\/wp\/v2\/pages\/121#wpcf7-f561-o1\">\n<fieldset class=\"hidden-fields-container\"><input type=\"hidden\" name=\"_wpcf7\" value=\"561\" \/><input type=\"hidden\" name=\"_wpcf7_version\" value=\"6.1.5\" \/><input type=\"hidden\" name=\"_wpcf7_locale\" value=\"en_US\" \/><input type=\"hidden\" name=\"_wpcf7_unit_tag\" value=\"wpcf7-f561-o1\" \/><input type=\"hidden\" name=\"_wpcf7_container_post\" value=\"0\" \/><input type=\"hidden\" name=\"_wpcf7_posted_data_hash\" value=\"\" \/>\n<\/fieldset>\n<div class=\"row g-3\">\n\n <!-- Nom -->\n\t<div class=\"col-lg-6 wow fadeInUp\" data-wow-delay=\".3s\">\n\t\t<div class=\"form-clt\">\n\t\t\t<p><span class=\"wpcf7-form-control-wrap\" data-name=\"your-name\"><input size=\"40\" maxlength=\"400\" class=\"wpcf7-form-control wpcf7-text wpcf7-validates-as-required\" aria-required=\"true\" aria-invalid=\"false\" placeholder=\"Name\" value=\"\" type=\"text\" name=\"your-name\" \/><\/span>\n\t\t\t<\/p>\n\t\t\t<div class=\"icon\">\n\t\t\t\t<p><i class=\"far fa-user\"><\/i>\n\t\t\t\t<\/p>\n\t\t\t<\/div>\n\t\t<\/div>\n\t<\/div>\n\n <!-- Email -->\n\t<div class=\"col-lg-6 wow fadeInUp\" data-wow-delay=\".5s\">\n\t\t<div class=\"form-clt\">\n\t\t\t<p><span class=\"wpcf7-form-control-wrap\" data-name=\"your-email\"><input size=\"40\" maxlength=\"400\" class=\"wpcf7-form-control wpcf7-email wpcf7-validates-as-required wpcf7-text wpcf7-validates-as-email\" aria-required=\"true\" aria-invalid=\"false\" placeholder=\"Email*\" value=\"\" type=\"email\" name=\"your-email\" \/><\/span>\n\t\t\t<\/p>\n\t\t\t<div class=\"icon\">\n\t\t\t\t<p><i class=\"far fa-envelope\"><\/i>\n\t\t\t\t<\/p>\n\t\t\t<\/div>\n\t\t<\/div>\n\t<\/div>\n\n <!-- T\u00e9l\u00e9phone -->\n\t<div class=\"col-lg-6 wow fadeInUp\" data-wow-delay=\".5s\">\n\t\t<div class=\"form-clt\">\n\t\t\t<p><span class=\"wpcf7-form-control-wrap\" data-name=\"tel-258\"><input size=\"40\" maxlength=\"400\" class=\"wpcf7-form-control wpcf7-tel wpcf7-validates-as-required wpcf7-text wpcf7-validates-as-tel\" aria-required=\"true\" aria-invalid=\"false\" placeholder=\"Phone\" value=\"\" type=\"tel\" name=\"tel-258\" \/><\/span>\n\t\t\t<\/p>\n\t\t\t<div class=\"icon\">\n\t\t\t\t<p><i class=\"far fa-phone\"><\/i>\n\t\t\t\t<\/p>\n\t\t\t<\/div>\n\t\t<\/div>\n\t<\/div>\n\n\n <!-- Services (checkbox multiple bien align\u00e9es) -->\n\t<div class=\"col-lg-6 wow fadeInUp\" data-wow-delay=\".3s\">\n\t\t<div class=\"form-clt\">\n\t\t\t<p><span class=\"wpcf7-form-control-wrap\" data-name=\"your-services\"><select class=\"wpcf7-form-control wpcf7-select\" aria-invalid=\"false\" name=\"your-services\"><option value=\"Choisir un service\">Choose a service<\/option><option value=\"VoIP\">VoIP<\/option><option value=\"Cloud et Data center\">Cloud and Data Center<\/option><option value=\"Fibre Optique\">Optical fiber<\/option><option value=\"R\u00e9seaux informatique\">Computer networks<\/option><option value=\"Virtualisation\">Virtualization<\/option><option value=\"Syst\u00e8mes audiovisuels\">Syst\u00e8mes audiovisuels<\/option><option value=\"Vid\u00e9o surveillance CCTV\">CCTV video surveillance<\/option><option value=\"D\u00e9tection Anti-incendie\">Fire detection system<\/option><option value=\"Onduleurs grande capacit\u00e9\">High capacity inverters<\/option><option value=\"Syst\u00e8me Anti-Intrusion\">Intrusion detection system<\/option><option value=\"Contr\u00f4le d&#039;acc\u00e8s\">Contr\u00f4le d&#039;acc\u00e8s<\/option><\/select><\/span>\n\t\t\t<\/p>\n\t\t<\/div>\n\t<\/div>\n\n <!-- Message -->\n\t<div class=\"col-lg-12 wow fadeInUp\" data-wow-delay=\".5s\">\n\t\t<div class=\"form-clt\">\n\t\t\t<p><span class=\"wpcf7-form-control-wrap\" data-name=\"your-message\"><textarea cols=\"10\" rows=\"2\" maxlength=\"2000\" class=\"wpcf7-form-control wpcf7-textarea wpcf7-validates-as-required\" aria-required=\"true\" aria-invalid=\"false\" placeholder=\"Your message\" name=\"your-message\"><\/textarea><\/span>\n\t\t\t<\/p>\n\t\t<\/div>\n\t<\/div>\n\n\n\n\n <!-- Bouton -->\n\t<p><button type=\"submit\" class=\"theme-btn hover-white wow fadeInUp\" data-wow-delay=\".5s\" style=\"visibility: visible; animation-delay: 0.5s; animation-name: fadeInUp;\"><span>Send<i class=\"fas fa-chevron-right\"><\/i><\/span><\/button>\n\t<\/p>\n<\/div>\n\n\n\n\n\n<!-- \u2705 CSS int\u00e9gr\u00e9 -->\n<style>\n\n\n.elbutton{\n background-color: var(--theme);\n font-weight: 700;\n color: var(--white);\n transition: all 0.4s ease-in-out;\n text-transform: capitalize;\n \n overflow: hidden;\n font-size: 16px;\n padding: 20px 45px;\n border-radius: 7px;\nborder:none;\n z-index: 9;\n \n line-height: 1;\n}\n\n.custom-checkbox-list .wpcf7-form-control{\n display: flex;\n flex-wrap: wrap;\n}\n\n.custom-checkbox-list .wpcf7-list-item {\n display: block;\n margin-bottom: 10px;\n}\n\n.custom-checkbox-list .wpcf7-list-item label {\n display: flex !important;\n align-items: center !important;\n gap: 10px;\n margin: 0 !important;\n}\n\n.custom-checkbox-list input[type=\"checkbox\"] {\n width: 18px;\n height: 18px;\n accent-color: #007bff;\n flex-shrink: 0;\n margin: 0;\n}\n<\/style>\n<p class='gitowu'><span class=\"wpcf7-form-control-wrap\" data-name=\"gitowu\"><input size=\"40\" maxlength=\"400\" class=\"wpcf7-form-control wpcf7-text\" aria-invalid=\"false\" value=\"\" type=\"text\" name=\"gitowu\" \/><\/span>\n<\/p>\n<p class='pafeva'><span class=\"wpcf7-form-control-wrap\" data-name=\"pafeva\"><input size=\"40\" maxlength=\"400\" class=\"wpcf7-form-control wpcf7-text\" aria-invalid=\"false\" value=\"\" type=\"text\" name=\"pafeva\" \/><\/span>\n<\/p>\n<p class='holige'><span class=\"wpcf7-form-control-wrap\" data-name=\"holige\"><input size=\"40\" maxlength=\"400\" class=\"wpcf7-form-control wpcf7-text\" aria-invalid=\"false\" value=\"\" type=\"text\" name=\"holige\" \/><\/span>\n<\/p>\n<p class='kemupu'><span class=\"wpcf7-form-control-wrap\" data-name=\"kemupu\"><input size=\"40\" maxlength=\"400\" class=\"wpcf7-form-control wpcf7-text\" aria-invalid=\"false\" value=\"\" type=\"text\" name=\"kemupu\" \/><\/span>\n<\/p><div class=\"wpcf7-response-output\" aria-hidden=\"true\"><\/div>\n<input type=\"hidden\" name=\"trp-form-language\" value=\"en\"\/><\/form>\n<\/div>\n                                    <\/div>\r\n                                <\/div>\r\n                            <\/div>\r\n                        <\/div>\r\n                    <\/div>\r\n                <\/div>\r\n            <\/section>\r\n            <!-- End Contact Two -->\r\n\r\n        \t\t\t\t<\/div>\n\t\t\t\t<\/div>\n\t\t\t\t<\/div>\n\t\t\t\t<\/div>","protected":false},"excerpt":{"rendered":"<p>Contact Contact Contactez nos experts Nous prenons en charge votre demande en moins de 48h. T\u00e9l\u00e9phone +213 (0) 26 47 11 85 +213 (0) 661 665 472 Envoyez-nous un e-mail contact@solutions-dz.com Localisation Lotissement Berchiche, Immeuble N\u00b01 Tizi-Ouzou 15000, Alg\u00e9rie Formulaire de contact Choisir un serviceVoIPCloud et Data centerFibre OptiqueR\u00e9seaux informatiqueVirtualisationSyst\u00e8mes audiovisuelsVid\u00e9o surveillance CCTVD\u00e9tection Anti-incendieOnduleurs grande&#8230;<\/p>","protected":false},"author":1,"featured_media":0,"parent":0,"menu_order":0,"comment_status":"closed","ping_status":"closed","template":"elementor_header_footer","meta":{"_sitemap_exclude":false,"_sitemap_priority":"","_sitemap_frequency":"","_themeisle_gutenberg_block_has_review":false,"footnotes":""},"class_list":["post-121","page","type-page","status-publish","hentry"],"_links":{"self":[{"href":"https:\/\/solutions-dz.com\/en\/wp-json\/wp\/v2\/pages\/121","targetHints":{"allow":["GET"]}}],"collection":[{"href":"https:\/\/solutions-dz.com\/en\/wp-json\/wp\/v2\/pages"}],"about":[{"href":"https:\/\/solutions-dz.com\/en\/wp-json\/wp\/v2\/types\/page"}],"author":[{"embeddable":true,"href":"https:\/\/solutions-dz.com\/en\/wp-json\/wp\/v2\/users\/1"}],"replies":[{"embeddable":true,"href":"https:\/\/solutions-dz.com\/en\/wp-json\/wp\/v2\/comments?post=121"}],"version-history":[{"count":28,"href":"https:\/\/solutions-dz.com\/en\/wp-json\/wp\/v2\/pages\/121\/revisions"}],"predecessor-version":[{"id":4282,"href":"https:\/\/solutions-dz.com\/en\/wp-json\/wp\/v2\/pages\/121\/revisions\/4282"}],"wp:attachment":[{"href":"https:\/\/solutions-dz.com\/en\/wp-json\/wp\/v2\/media?parent=121"}],"curies":[{"name":"wp","href":"https:\/\/api.w.org\/{rel}","templated":true}]}}